{"id":92,"date":"2021-09-01T04:33:50","date_gmt":"2021-09-01T04:33:50","guid":{"rendered":"https:\/\/ifarming.ai\/?page_id=92"},"modified":"2021-11-12T11:16:55","modified_gmt":"2021-11-12T14:16:55","slug":"consultancy","status":"publish","type":"page","link":"https:\/\/ifarming.ai\/es\/consultancy\/","title":{"rendered":"Consultor\u00eda"},"content":{"rendered":"<p>[et_pb_section fb_built=&#8221;1&#8243; _builder_version=&#8221;4.10.4&#8243; _module_preset=&#8221;default&#8221; background_color=&#8221;#f8f8f8&#8243; custom_margin=&#8221;0px||||false|false&#8221; custom_padding=&#8221;6px||29px|||&#8221; da_disable_devices=&#8221;off|off|off&#8221; global_colors_info=&#8221;{}&#8221; da_is_popup=&#8221;off&#8221; da_exit_intent=&#8221;off&#8221; da_has_close=&#8221;on&#8221; da_alt_close=&#8221;off&#8221; da_dark_close=&#8221;off&#8221; da_not_modal=&#8221;on&#8221; da_is_singular=&#8221;off&#8221; da_with_loader=&#8221;off&#8221; da_has_shadow=&#8221;on&#8221;][et_pb_row _builder_version=&#8221;4.10.4&#8243; _module_preset=&#8221;default&#8221; custom_padding=&#8221;||1px|||&#8221; global_colors_info=&#8221;{}&#8221;][et_pb_column type=&#8221;4_4&#8243; _builder_version=&#8221;4.10.4&#8243; _module_preset=&#8221;default&#8221; global_colors_info=&#8221;{}&#8221;][et_pb_text _builder_version=&#8221;4.10.4&#8243; _module_preset=&#8221;default&#8221; header_2_font=&#8221;|700||on|||||&#8221; header_2_text_align=&#8221;left&#8221; header_3_text_color=&#8221;#55B8E7&#8243; header_3_font_size=&#8221;20px&#8221; custom_margin=&#8221;||0px|||&#8221; global_colors_info=&#8221;{}&#8221;]<\/p>\n<h3>Exclusivo<\/h3>\n<p>[\/et_pb_text][et_pb_text _builder_version=&#8221;4.10.4&#8243; _module_preset=&#8221;default&#8221; header_2_font=&#8221;|700||on|||||&#8221; header_2_text_align=&#8221;left&#8221; header_2_text_color=&#8221;#38B5B5&#8243; custom_margin=&#8221;||0px|||&#8221; global_colors_info=&#8221;{}&#8221;]<\/p>\n<h2>Servicios de consultor\u00eda<\/h2>\n<p>[\/et_pb_text][et_pb_text _builder_version=&#8221;4.10.8&#8243; _module_preset=&#8221;default&#8221; custom_padding=&#8221;||12px|||&#8221; global_colors_info=&#8221;{}&#8221;]<\/p>\n<p>Contacte a <strong>IFarming<\/strong> cuando necesite un equipo completamente dedicado que brinde recomendaciones personalizadas<\/p>\n<p>[\/et_pb_text][\/et_pb_column][\/et_pb_row][et_pb_row column_structure=&#8221;1_3,1_3,1_3&#8243; use_custom_gutter=&#8221;on&#8221; _builder_version=&#8221;4.11.3&#8243; _module_preset=&#8221;default&#8221; custom_padding=&#8221;||||false|false&#8221; motion_trigger_start=&#8221;top&#8221; global_colors_info=&#8221;{}&#8221;][et_pb_column type=&#8221;1_3&#8243; _builder_version=&#8221;4.10.4&#8243; _module_preset=&#8221;default&#8221; global_colors_info=&#8221;{}&#8221;][et_pb_blurb title=&#8221;Research and \u00a0Development&#8221; image=&#8221;https:\/\/ifarming.ai\/wp-content\/uploads\/2021\/11\/Research-and-Development.jpeg&#8221; module_class=&#8221;consulting-services&#8221; _builder_version=&#8221;4.13.0&#8243; _module_preset=&#8221;default&#8221; header_font=&#8221;|700|||||||&#8221; header_text_color=&#8221;#38B5B5&#8243; header_font_size=&#8221;16px&#8221; body_text_align=&#8221;justify&#8221; body_text_color=&#8221;#707070&#8243; background_color=&#8221;#FFFFFF&#8221; custom_margin=&#8221;20px|5px|20px|5px|true|true&#8221; custom_padding=&#8221;20px||||false|false&#8221; animation=&#8221;off&#8221; motion_trigger_start=&#8221;top&#8221; box_shadow_style=&#8221;preset1&#8243; box_shadow_vertical=&#8221;0px&#8221; box_shadow_blur=&#8221;5px&#8221; box_shadow_spread=&#8221;-1px&#8221; global_colors_info=&#8221;{}&#8221;]<\/p>\n<p>Desarrolle proyectos de I + D a medida y con los \u00faltimos conocimientos.<\/p>\n<p>[\/et_pb_blurb][\/et_pb_column][et_pb_column type=&#8221;1_3&#8243; _builder_version=&#8221;4.10.4&#8243; _module_preset=&#8221;default&#8221; global_colors_info=&#8221;{}&#8221;][et_pb_blurb title=&#8221;Ingredient and Feed Evaluation&#8221; image=&#8221;https:\/\/ifarming.ai\/wp-content\/uploads\/2021\/11\/Ingredient-and-Feed-Evaluation.jpeg&#8221; module_class=&#8221;consulting-services&#8221; _builder_version=&#8221;4.13.1&#8243; _module_preset=&#8221;default&#8221; header_font=&#8221;|700|||||||&#8221; header_text_color=&#8221;#38B5B5&#8243; header_font_size=&#8221;16px&#8221; body_text_align=&#8221;justify&#8221; background_color=&#8221;#FFFFFF&#8221; custom_margin=&#8221;20px|5px|20px|5px|true|true&#8221; custom_padding=&#8221;20px||||false|false&#8221; motion_trigger_start=&#8221;top&#8221; hover_enabled=&#8221;0&#8243; box_shadow_style=&#8221;preset1&#8243; box_shadow_vertical=&#8221;0px&#8221; box_shadow_blur=&#8221;5px&#8221; box_shadow_spread=&#8221;-1px&#8221; global_colors_info=&#8221;{}&#8221; animation=&#8221;off&#8221; sticky_enabled=&#8221;0&#8243;]<\/p>\n<ul>\n<li>Asesoramiento en la evaluaci\u00f3n de ingredientes.<\/li>\n<li>Revisar y optimizar las formulaciones de alimentos.<\/li>\n<li>Asesoramiento en pruebas de laboratorio de alimentos y peces.<\/li>\n<\/ul>\n<p>[\/et_pb_blurb][\/et_pb_column][et_pb_column type=&#8221;1_3&#8243; _builder_version=&#8221;4.10.4&#8243; _module_preset=&#8221;default&#8221; global_colors_info=&#8221;{}&#8221;][et_pb_blurb title=&#8221;Fish and Feed Performance Evaluation&#8221; image=&#8221;https:\/\/ifarming.ai\/wp-content\/uploads\/2021\/11\/Fish-and-Feed-Performance-Evaluation.jpeg&#8221; module_class=&#8221;consulting-services&#8221; _builder_version=&#8221;4.13.1&#8243; _module_preset=&#8221;default&#8221; header_font=&#8221;|700|||||||&#8221; header_text_color=&#8221;#38B5B5&#8243; header_font_size=&#8221;16px&#8221; body_text_align=&#8221;justify&#8221; background_color=&#8221;#FFFFFF&#8221; custom_margin=&#8221;20px|5px|20px|5px|true|true&#8221; custom_padding=&#8221;20px||||false|false&#8221; motion_trigger_start=&#8221;top&#8221; hover_enabled=&#8221;0&#8243; box_shadow_style=&#8221;preset1&#8243; box_shadow_vertical=&#8221;0px&#8221; box_shadow_blur=&#8221;5px&#8221; box_shadow_spread=&#8221;-1px&#8221; global_colors_info=&#8221;{}&#8221; animation=&#8221;off&#8221; sticky_enabled=&#8221;0&#8243;]<\/p>\n<ul>\n<li>Planificaci\u00f3n y anal\u00edtica de ensayos de salud, nutrici\u00f3n y crecimiento en peces.<\/li>\n<li>Planificaci\u00f3n y dise\u00f1o de ensayos de referencia.<\/li>\n<\/ul>\n<p>[\/et_pb_blurb][\/et_pb_column][\/et_pb_row][et_pb_row column_structure=&#8221;1_3,1_3,1_3&#8243; use_custom_gutter=&#8221;on&#8221; _builder_version=&#8221;4.11.3&#8243; _module_preset=&#8221;default&#8221; custom_padding=&#8221;7px||||false|false&#8221; global_colors_info=&#8221;{}&#8221;][et_pb_column type=&#8221;1_3&#8243; _builder_version=&#8221;4.10.4&#8243; _module_preset=&#8221;default&#8221; global_colors_info=&#8221;{}&#8221;][et_pb_blurb title=&#8221;Continuous Training&#8221; image=&#8221;https:\/\/ifarming.ai\/wp-content\/uploads\/2021\/11\/Professional-Formation.jpeg&#8221; module_class=&#8221;consulting-services&#8221; _builder_version=&#8221;4.13.1&#8243; _module_preset=&#8221;default&#8221; header_font=&#8221;|700|||||||&#8221; header_text_color=&#8221;#38B5B5&#8243; header_font_size=&#8221;16px&#8221; body_text_align=&#8221;justify&#8221; background_color=&#8221;#FFFFFF&#8221; custom_margin=&#8221;20px|5px|20px|5px|true|true&#8221; custom_padding=&#8221;20px||||false|false&#8221; motion_trigger_start=&#8221;top&#8221; hover_enabled=&#8221;0&#8243; box_shadow_style=&#8221;preset1&#8243; box_shadow_vertical=&#8221;0px&#8221; box_shadow_blur=&#8221;5px&#8221; box_shadow_spread=&#8221;-1px&#8221; global_colors_info=&#8221;{}&#8221; animation=&#8221;off&#8221; sticky_enabled=&#8221;0&#8243;]<\/p>\n<ul>\n<li>Formaci\u00f3n personalizada y general tanto individuales como en grupos.<\/li>\n<li>Cursos sobre diversos temas como nutrici\u00f3n y salud de los peces, y tecnolog\u00eda de alimentos.<\/li>\n<\/ul>\n<p>[\/et_pb_blurb][\/et_pb_column][et_pb_column type=&#8221;1_3&#8243; _builder_version=&#8221;4.10.4&#8243; _module_preset=&#8221;default&#8221; global_colors_info=&#8221;{}&#8221;][et_pb_blurb title=&#8221;Market Research&#8221; image=&#8221;https:\/\/ifarming.ai\/wp-content\/uploads\/2021\/11\/Market-Research.jpeg&#8221; module_class=&#8221;consulting-services&#8221; _builder_version=&#8221;4.13.0&#8243; _module_preset=&#8221;default&#8221; header_font=&#8221;|700|||||||&#8221; header_text_color=&#8221;#38B5B5&#8243; header_font_size=&#8221;16px&#8221; body_text_align=&#8221;justify&#8221; background_color=&#8221;#FFFFFF&#8221; custom_margin=&#8221;20px|5px|20px|5px|true|true&#8221; custom_padding=&#8221;20px||||false|true&#8221; animation=&#8221;off&#8221; motion_trigger_start=&#8221;top&#8221; box_shadow_style=&#8221;preset1&#8243; box_shadow_vertical=&#8221;0px&#8221; box_shadow_blur=&#8221;5px&#8221; box_shadow_spread=&#8221;-1px&#8221; global_colors_info=&#8221;{}&#8221;]<\/p>\n<ul>\n<li>Definici\u00f3n del mercado objetivo<\/li>\n<li>Asuntos regulatorios: reglamento de alimento para animales<\/li>\n<li>Evaluaci\u00f3n del potencial de mercado<\/li>\n<\/ul>\n<p>[\/et_pb_blurb][\/et_pb_column][et_pb_column type=&#8221;1_3&#8243; _builder_version=&#8221;4.10.4&#8243; _module_preset=&#8221;default&#8221; global_colors_info=&#8221;{}&#8221;][\/et_pb_column][\/et_pb_row][\/et_pb_section][et_pb_section fb_built=&#8221;1&#8243; _builder_version=&#8221;4.11.3&#8243; _module_preset=&#8221;default&#8221; background_image=&#8221;https:\/\/ifarming.ai\/wp-content\/uploads\/2021\/11\/fondo-callToAction-1.webp&#8221; parallax=&#8221;on&#8221; parallax_method=&#8221;off&#8221; custom_padding=&#8221;0px||5px|||&#8221; da_disable_devices=&#8221;off|off|off&#8221; global_colors_info=&#8221;{}&#8221; da_is_popup=&#8221;off&#8221; da_exit_intent=&#8221;off&#8221; da_has_close=&#8221;on&#8221; da_alt_close=&#8221;off&#8221; da_dark_close=&#8221;off&#8221; da_not_modal=&#8221;on&#8221; da_is_singular=&#8221;off&#8221; da_with_loader=&#8221;off&#8221; da_has_shadow=&#8221;on&#8221;][et_pb_row _builder_version=&#8221;4.10.4&#8243; _module_preset=&#8221;default&#8221; custom_margin=&#8221;||||true|true&#8221; custom_padding=&#8221;80px||80px||true|true&#8221; global_colors_info=&#8221;{}&#8221;][et_pb_column type=&#8221;4_4&#8243; _builder_version=&#8221;4.10.4&#8243; _module_preset=&#8221;default&#8221; global_colors_info=&#8221;{}&#8221;][et_pb_cta title=&#8221;Do you need more info?&#8221; button_url=&#8221;@ET-DC@eyJkeW5hbWljIjp0cnVlLCJjb250ZW50IjoicG9zdF9saW5rX3VybF9wYWdlIiwic2V0dGluZ3MiOnsicG9zdF9pZCI6IjEzNiJ9fQ==@&#8221; button_text=&#8221;Contact Us!&#8221; _builder_version=&#8221;4.10.4&#8243; _dynamic_attributes=&#8221;button_url&#8221; _module_preset=&#8221;default&#8221; header_font=&#8221;|700||on|||||&#8221; background_enable_color=&#8221;off&#8221; custom_button=&#8221;on&#8221; button_text_size=&#8221;15px&#8221; button_text_color=&#8221;#FFFFFF&#8221; button_bg_color=&#8221;#55B8E7&#8243; button_border_width=&#8221;0px&#8221; button_border_radius=&#8221;21px&#8221; button_font=&#8221;|700||on|||||&#8221; custom_padding=&#8221;||8px|||&#8221; global_colors_info=&#8221;{}&#8221;][\/et_pb_cta][\/et_pb_column][\/et_pb_row][\/et_pb_section]<\/p>","protected":false},"excerpt":{"rendered":"<p>ExclusiveConsulting ServicesEngage with IFarming when you need a fully dedicated team delivering custom recommendationsDevelop tailor-made R&amp;D projects in collaboration with industry and research partners with the latest knowledge. Advice on suitability of feedstuffs Review and optimize feed formulations Advice on feed and fish laboratory tests Plan and analyze trials for fish species on health, nutrition, [&hellip;]<\/p>","protected":false},"author":1,"featured_media":0,"parent":0,"menu_order":0,"comment_status":"closed","ping_status":"closed","template":"","meta":{"_acf_changed":false,"_et_pb_use_builder":"on","_et_pb_old_content":"","_et_gb_content_width":"","footnotes":""},"class_list":["post-92","page","type-page","status-publish","hentry"],"acf":[],"yoast_head":"<!-- This site is optimized with the Yoast SEO plugin v25.0 - https:\/\/yoast.com\/wordpress\/plugins\/seo\/ -->\n<title>Consultancy - IFarming<\/title>\n<meta name=\"robots\" content=\"index, follow, max-snippet:-1, max-image-preview:large, max-video-preview:-1\" \/>\n<link rel=\"canonical\" href=\"https:\/\/ifarming.ai\/es\/consultancy\/\" \/>\n<meta property=\"og:locale\" content=\"es_ES\" \/>\n<meta property=\"og:type\" content=\"article\" \/>\n<meta property=\"og:title\" content=\"Consultancy - IFarming\" \/>\n<meta property=\"og:description\" content=\"ExclusiveConsulting ServicesEngage with IFarming when you need a fully dedicated team delivering custom recommendationsDevelop tailor-made R&amp;D projects in collaboration with industry and research partners with the latest knowledge. Advice on suitability of feedstuffs Review and optimize feed formulations Advice on feed and fish laboratory tests Plan and analyze trials for fish species on health, nutrition, [&hellip;]\" \/>\n<meta property=\"og:url\" content=\"https:\/\/ifarming.ai\/es\/consultancy\/\" \/>\n<meta property=\"og:site_name\" content=\"IFarming\" \/>\n<meta property=\"article:modified_time\" content=\"2021-11-12T14:16:55+00:00\" \/>\n<meta name=\"twitter:card\" content=\"summary_large_image\" \/>\n<meta name=\"twitter:label1\" content=\"Tiempo de lectura\" \/>\n\t<meta name=\"twitter:data1\" content=\"5 minutos\" \/>\n<script type=\"application\/ld+json\" class=\"yoast-schema-graph\">{\"@context\":\"https:\/\/schema.org\",\"@graph\":[{\"@type\":\"WebPage\",\"@id\":\"https:\/\/ifarming.ai\/consultancy\/\",\"url\":\"https:\/\/ifarming.ai\/consultancy\/\",\"name\":\"Consultancy - IFarming\",\"isPartOf\":{\"@id\":\"https:\/\/ifarming.ai\/#website\"},\"datePublished\":\"2021-09-01T04:33:50+00:00\",\"dateModified\":\"2021-11-12T14:16:55+00:00\",\"breadcrumb\":{\"@id\":\"https:\/\/ifarming.ai\/consultancy\/#breadcrumb\"},\"inLanguage\":\"es\",\"potentialAction\":[{\"@type\":\"ReadAction\",\"target\":[\"https:\/\/ifarming.ai\/consultancy\/\"]}]},{\"@type\":\"BreadcrumbList\",\"@id\":\"https:\/\/ifarming.ai\/consultancy\/#breadcrumb\",\"itemListElement\":[{\"@type\":\"ListItem\",\"position\":1,\"name\":\"Home\",\"item\":\"https:\/\/ifarming.ai\/\"},{\"@type\":\"ListItem\",\"position\":2,\"name\":\"Consultancy\"}]},{\"@type\":\"WebSite\",\"@id\":\"https:\/\/ifarming.ai\/#website\",\"url\":\"https:\/\/ifarming.ai\/\",\"name\":\"IFarming\",\"description\":\"Providing a Complete Suite of Solutions\",\"potentialAction\":[{\"@type\":\"SearchAction\",\"target\":{\"@type\":\"EntryPoint\",\"urlTemplate\":\"https:\/\/ifarming.ai\/?s={search_term_string}\"},\"query-input\":{\"@type\":\"PropertyValueSpecification\",\"valueRequired\":true,\"valueName\":\"search_term_string\"}}],\"inLanguage\":\"es\"}]}<\/script>\n<!-- \/ Yoast SEO plugin. -->","yoast_head_json":{"title":"Consultancy - IFarming","robots":{"index":"index","follow":"follow","max-snippet":"max-snippet:-1","max-image-preview":"max-image-preview:large","max-video-preview":"max-video-preview:-1"},"canonical":"https:\/\/ifarming.ai\/es\/consultancy\/","og_locale":"es_ES","og_type":"article","og_title":"Consultancy - IFarming","og_description":"ExclusiveConsulting ServicesEngage with IFarming when you need a fully dedicated team delivering custom recommendationsDevelop tailor-made R&amp;D projects in collaboration with industry and research partners with the latest knowledge. Advice on suitability of feedstuffs Review and optimize feed formulations Advice on feed and fish laboratory tests Plan and analyze trials for fish species on health, nutrition, [&hellip;]","og_url":"https:\/\/ifarming.ai\/es\/consultancy\/","og_site_name":"IFarming","article_modified_time":"2021-11-12T14:16:55+00:00","twitter_card":"summary_large_image","twitter_misc":{"Tiempo de lectura":"5 minutos"},"schema":{"@context":"https:\/\/schema.org","@graph":[{"@type":"WebPage","@id":"https:\/\/ifarming.ai\/consultancy\/","url":"https:\/\/ifarming.ai\/consultancy\/","name":"Consultancy - IFarming","isPartOf":{"@id":"https:\/\/ifarming.ai\/#website"},"datePublished":"2021-09-01T04:33:50+00:00","dateModified":"2021-11-12T14:16:55+00:00","breadcrumb":{"@id":"https:\/\/ifarming.ai\/consultancy\/#breadcrumb"},"inLanguage":"es","potentialAction":[{"@type":"ReadAction","target":["https:\/\/ifarming.ai\/consultancy\/"]}]},{"@type":"BreadcrumbList","@id":"https:\/\/ifarming.ai\/consultancy\/#breadcrumb","itemListElement":[{"@type":"ListItem","position":1,"name":"Home","item":"https:\/\/ifarming.ai\/"},{"@type":"ListItem","position":2,"name":"Consultancy"}]},{"@type":"WebSite","@id":"https:\/\/ifarming.ai\/#website","url":"https:\/\/ifarming.ai\/","name":"IFarming","description":"Providing a Complete Suite of Solutions","potentialAction":[{"@type":"SearchAction","target":{"@type":"EntryPoint","urlTemplate":"https:\/\/ifarming.ai\/?s={search_term_string}"},"query-input":{"@type":"PropertyValueSpecification","valueRequired":true,"valueName":"search_term_string"}}],"inLanguage":"es"}]}},"_links":{"self":[{"href":"https:\/\/ifarming.ai\/es\/wp-json\/wp\/v2\/pages\/92","targetHints":{"allow":["GET"]}}],"collection":[{"href":"https:\/\/ifarming.ai\/es\/wp-json\/wp\/v2\/pages"}],"about":[{"href":"https:\/\/ifarming.ai\/es\/wp-json\/wp\/v2\/types\/page"}],"author":[{"embeddable":true,"href":"https:\/\/ifarming.ai\/es\/wp-json\/wp\/v2\/users\/1"}],"replies":[{"embeddable":true,"href":"https:\/\/ifarming.ai\/es\/wp-json\/wp\/v2\/comments?post=92"}],"version-history":[{"count":0,"href":"https:\/\/ifarming.ai\/es\/wp-json\/wp\/v2\/pages\/92\/revisions"}],"wp:attachment":[{"href":"https:\/\/ifarming.ai\/es\/wp-json\/wp\/v2\/media?parent=92"}],"curies":[{"name":"wp","href":"https:\/\/api.w.org\/{rel}","templated":true}]}}