{"id":571,"date":"2021-09-10T02:02:58","date_gmt":"2021-09-10T05:02:58","guid":{"rendered":"https:\/\/ifarming.ai\/?page_id=571"},"modified":"2024-11-28T17:54:43","modified_gmt":"2024-11-28T20:54:43","slug":"capis","status":"publish","type":"page","link":"https:\/\/ifarming.ai\/es\/capis\/","title":{"rendered":"CAPIS"},"content":{"rendered":"<p>[et_pb_section fb_built=&#8221;1&#8243; _builder_version=&#8221;4.16&#8243; _module_preset=&#8221;default&#8221; background_image=&#8221;https:\/\/ifarming.ai\/wp-content\/uploads\/2021\/11\/aerial-shot-of-sea-waves-hitting-the-sandy-shore-1.webp&#8221; parallax=&#8221;on&#8221; custom_margin_last_edited=&#8221;off|desktop&#8221; custom_padding=&#8221;2px||0px|||&#8221; global_colors_info=&#8221;{}&#8221;][et_pb_row _builder_version=&#8221;4.16&#8243; _module_preset=&#8221;default&#8221; background_enable_color=&#8221;off&#8221; custom_padding=&#8221;0px||0px||true|true&#8221; global_colors_info=&#8221;{}&#8221;][et_pb_column type=&#8221;4_4&#8243; _builder_version=&#8221;4.16&#8243; _module_preset=&#8221;default&#8221; background_color=&#8221;RGBA(0,0,0,0)&#8221; custom_padding=&#8221;50px||50px|50px|true|false&#8221; custom_padding_tablet=&#8221;&#8221; custom_padding_phone=&#8221;&#8221; custom_padding_last_edited=&#8221;on|desktop&#8221; global_colors_info=&#8221;{}&#8221;][et_pb_cta title=&#8221;CAPIS&#8221; url_new_window=&#8221;on&#8221; _builder_version=&#8221;4.23&#8243; _module_preset=&#8221;default&#8221; header_font=&#8221;|700|||||||&#8221; header_text_align=&#8221;left&#8221; header_text_color=&#8221;#38B5B5&#8243; header_font_size=&#8221;32px&#8221; body_text_align=&#8221;left&#8221; body_text_color=&#8221;#707070&#8243; background_color=&#8221;#FFFFFF&#8221; background_layout=&#8221;light&#8221; width=&#8221;50%&#8221; width_tablet=&#8221;80%&#8221; width_phone=&#8221;100%&#8221; width_last_edited=&#8221;on|phone&#8221; module_alignment=&#8221;right&#8221; custom_margin=&#8221;|-56px|-50px|||&#8221; link_option_url_new_window=&#8221;on&#8221; body_text_color_tablet=&#8221;&#8221; body_text_color_phone=&#8221;&#8221; body_text_color_last_edited=&#8221;on|desktop&#8221; module_alignment_tablet=&#8221;&#8221; module_alignment_phone=&#8221;center&#8221; module_alignment_last_edited=&#8221;on|desktop&#8221; global_colors_info=&#8221;{}&#8221; body_text_color__hover_enabled=&#8221;on|desktop&#8221; body_text_color__hover=&#8221;#707070&#8243;]<\/p>\n<h4 class=\"font_4\"><\/h4>\n<p>CAPIS es una aplicaci\u00f3n de vanguardia dise\u00f1ada para revolucionar la forma de capturar y gestionar datos.<\/p>\n<p>Dile adi\u00f3s a los formularios en papel y adopta un enfoque m\u00e1s eficiente y digital.\u00a0<span><\/span><\/p>\n<p>Por favor, lea atentamente nuestra <a href=\"https:\/\/ifarming.ai\/es\/privacy-policy-capis-app\/\">Pol\u00edticas de Privacidad<\/a> and <a href=\"https:\/\/ifarming.ai\/es\/terms-capis-app\/\">T\u00e9rminos y Condiciones<\/a> antes de acceder a <a href=\"https:\/\/capis.app\/admin\">CAPIS<\/a>.<\/p>\n<p>[\/et_pb_cta][\/et_pb_column][\/et_pb_row][\/et_pb_section][et_pb_section fb_built=&#8221;1&#8243; _builder_version=&#8221;4.20.2&#8243; _module_preset=&#8221;default&#8221; background_color=&#8221;#f8f8f8&#8243; custom_margin=&#8221;0px||||false|false&#8221; custom_padding=&#8221;||29px|||&#8221; global_colors_info=&#8221;{}&#8221;][et_pb_row column_structure=&#8221;2_5,3_5&#8243; make_equal=&#8221;on&#8221; _builder_version=&#8221;4.23&#8243; _module_preset=&#8221;default&#8221; max_width=&#8221;100%&#8221; custom_padding=&#8221;1px||1px|||&#8221; animation_style=&#8221;slide&#8221; global_colors_info=&#8221;{}&#8221;][et_pb_column type=&#8221;2_5&#8243; _builder_version=&#8221;4.23&#8243; _module_preset=&#8221;default&#8221; background_color=&#8221;#707070&#8243; background_image=&#8221;https:\/\/ifarming.ai\/wp-content\/uploads\/2024\/03\/App-picture.png&#8221; background_position=&#8221;center_left&#8221; background_blend=&#8221;soft-light&#8221; global_colors_info=&#8221;{}&#8221;][et_pb_image src=&#8221;https:\/\/ifarming.ai\/wp-content\/uploads\/2021\/09\/3-3.svg&#8221; title_text=&#8221;3&#8243; align=&#8221;center&#8221; module_class=&#8221;digital-icono&#8221; _builder_version=&#8221;4.20.2&#8243; _module_preset=&#8221;default&#8221; width=&#8221;150px&#8221; custom_margin=&#8221;200px||200px||true|false&#8221; custom_padding=&#8221;||||false|false&#8221; global_colors_info=&#8221;{}&#8221; src__hover_enabled=&#8221;off|desktop&#8221;][\/et_pb_image][\/et_pb_column][et_pb_column type=&#8221;3_5&#8243; _builder_version=&#8221;4.16&#8243; _module_preset=&#8221;default&#8221; custom_css_main_element=&#8221;display: flex;|| flex-direction: column;|| justify-content: center;&#8221; global_colors_info=&#8221;{}&#8221;][et_pb_text _builder_version=&#8221;4.20.2&#8243; _module_preset=&#8221;8cf81b34-e535-4f43-bc2a-1ed85bedf24b&#8221; global_colors_info=&#8221;{}&#8221;]<\/p>\n<div id=\"comp-krcii55n1\" class=\"_1Q9if\" data-testid=\"richTextElement\">\n<div id=\"comp-krcii55n1\" class=\"_1Q9if\" data-testid=\"richTextElement\">\n<h2 class=\"font_3\"><span>Creaci\u00f3n de formularios en minutos<\/span><\/h2>\n<\/div>\n<div id=\"comp-krcii55p1\" class=\"_1Q9if\" data-testid=\"richTextElement\">\n<p class=\"font_8\" style=\"text-align: justify;\">Transforma la recopilaci\u00f3n de datos en un proceso digital utilizando formularios m\u00f3viles inteligentes.<span><\/span><\/p>\n<p class=\"font_8\" style=\"text-align: justify;\"><span>Crea de manera sencilla formularios m\u00f3viles robustos y con todas las necesidades en minutos utilizando nuestro generador de formularios intuitivo y f\u00e1cil de usar. <\/span><span style=\"font-size: 14px;\">\u00a0<\/span><span><\/span><\/p>\n<p class=\"font_8\">\n<\/div>\n<\/div>\n<p>[\/et_pb_text][\/et_pb_column][\/et_pb_row][et_pb_row column_structure=&#8221;3_5,2_5&#8243; make_equal=&#8221;on&#8221; module_class=&#8221;reverse&#8221; _builder_version=&#8221;4.20.2&#8243; _module_preset=&#8221;default&#8221; max_width=&#8221;100%&#8221; custom_padding=&#8221;30px||1px|||&#8221; animation_style=&#8221;slide&#8221; global_colors_info=&#8221;{}&#8221; custom_css_main_element_last_edited=&#8221;on|tablet&#8221; custom_css_main_element_tablet=&#8221;display:flex;||flex-direction: column-reverse;||||||&#8221; custom_css_main_element_phone=&#8221;display:flex;||flex-direction: column-reverse;||||||&#8221;][et_pb_column type=&#8221;3_5&#8243; _builder_version=&#8221;4.16&#8243; _module_preset=&#8221;default&#8221; custom_css_main_element=&#8221;display: flex;|| flex-direction: column;|| justify-content: center;&#8221; global_colors_info=&#8221;{}&#8221;][et_pb_text _builder_version=&#8221;4.20.2&#8243; _module_preset=&#8221;8cf81b34-e535-4f43-bc2a-1ed85bedf24b&#8221; global_colors_info=&#8221;{}&#8221;]<\/p>\n<div id=\"comp-krcii55n1\" class=\"_1Q9if\" data-testid=\"richTextElement\">\n<div id=\"comp-krcii55n1\" class=\"_1Q9if\" data-testid=\"richTextElement\">\n<div id=\"comp-krcii565\" class=\"_1Q9if\" data-testid=\"richTextElement\">\n<h2 class=\"font_3\"><span>Control de acceso basado en roles.<\/span><\/h2>\n<\/div>\n<div id=\"comp-krcii5671\" class=\"_1Q9if\" data-testid=\"richTextElement\">\n<p class=\"font_8\" style=\"text-align: justify;\"><span>El control de acceso basado en roles de la aplicaci\u00f3n te permite gestionar de forma centralizada las cuentas de usuario y los permisos sin depender del soporte de IFarming para la administraci\u00f3n de usuarios.\u00a0<\/span><\/p>\n<\/div>\n<\/div>\n<div id=\"comp-krcii55p1\" class=\"_1Q9if\" data-testid=\"richTextElement\"><\/div>\n<\/div>\n<p>[\/et_pb_text][\/et_pb_column][et_pb_column type=&#8221;2_5&#8243; _builder_version=&#8221;4.20.2&#8243; _module_preset=&#8221;default&#8221; background_color=&#8221;#707070&#8243; background_image=&#8221;https:\/\/ifarming.ai\/wp-content\/uploads\/2021\/11\/fondo3.webp&#8221; background_blend=&#8221;soft-light&#8221; global_colors_info=&#8221;{}&#8221;][et_pb_image src=&#8221;https:\/\/ifarming.ai\/wp-content\/uploads\/2021\/09\/1-2.svg&#8221; title_text=&#8221;1&#8243; align=&#8221;center&#8221; module_class=&#8221;digital-icono&#8221; _builder_version=&#8221;4.20.2&#8243; _module_preset=&#8221;default&#8221; width=&#8221;150px&#8221; custom_margin=&#8221;200px||200px||true|false&#8221; custom_padding=&#8221;||||false|false&#8221; global_colors_info=&#8221;{}&#8221; src__hover_enabled=&#8221;off|desktop&#8221;][\/et_pb_image][\/et_pb_column][\/et_pb_row][et_pb_row column_structure=&#8221;2_5,3_5&#8243; make_equal=&#8221;on&#8221; _builder_version=&#8221;4.20.2&#8243; _module_preset=&#8221;default&#8221; max_width=&#8221;100%&#8221; custom_padding=&#8221;31px||1px|||&#8221; animation_style=&#8221;slide&#8221; global_colors_info=&#8221;{}&#8221;][et_pb_column type=&#8221;2_5&#8243; _builder_version=&#8221;4.20.2&#8243; _module_preset=&#8221;default&#8221; background_color=&#8221;#707070&#8243; background_image=&#8221;https:\/\/ifarming.ai\/wp-content\/uploads\/2021\/11\/fondo2-1.webp&#8221; background_blend=&#8221;soft-light&#8221; global_colors_info=&#8221;{}&#8221;][et_pb_image src=&#8221;https:\/\/ifarming.ai\/wp-content\/uploads\/2021\/09\/2-2.svg&#8221; title_text=&#8221;2&#8243; align=&#8221;center&#8221; module_class=&#8221;digital-icono&#8221; _builder_version=&#8221;4.20.2&#8243; _module_preset=&#8221;default&#8221; width=&#8221;150px&#8221; custom_margin=&#8221;200px||200px||true|false&#8221; custom_padding=&#8221;||||false|false&#8221; global_colors_info=&#8221;{}&#8221; src__hover_enabled=&#8221;off|desktop&#8221;][\/et_pb_image][\/et_pb_column][et_pb_column type=&#8221;3_5&#8243; _builder_version=&#8221;4.16&#8243; _module_preset=&#8221;default&#8221; custom_css_main_element=&#8221;display: flex;|| flex-direction: column;|| justify-content: center;&#8221; global_colors_info=&#8221;{}&#8221;][et_pb_text _builder_version=&#8221;4.20.2&#8243; _module_preset=&#8221;8cf81b34-e535-4f43-bc2a-1ed85bedf24b&#8221; global_colors_info=&#8221;{}&#8221;]<\/p>\n<div id=\"comp-krcii55n1\" class=\"_1Q9if\" data-testid=\"richTextElement\">\n<div id=\"comp-krcii55n1\" class=\"_1Q9if\" data-testid=\"richTextElement\">\n<div id=\"comp-krcii56v\" class=\"_1Q9if\" data-testid=\"richTextElement\">\n<h2 class=\"font_3\"><span>Flexibilidad para capturar datos, fotos y audios.\u00a0\u00a0<\/span><\/h2>\n<\/div>\n<div id=\"comp-krcii56w1\" class=\"_1Q9if\" data-testid=\"richTextElement\">\n<p class=\"font_8\" style=\"text-align: justify;\"><span><span style=\"background-color: #f8f8f8; font-size: 14px;\">Desbloquea una amplia gama de posibilidades.<\/span><\/span><\/p>\n<p class=\"font_8\" style=\"text-align: justify;\"><span><span style=\"font-size: 14px; background-color: #f8f8f8;\">&gt; Almacena diversos tipos de datos, como datos cualitativos (nominales, ordinales), cuantitativos (discretos y continuos), fechas\/horas, valores verdadero\/falso, referencias a objetos y mucho m\u00e1s.<\/span><span style=\"font-size: 14px;\"> <\/span>\u00a0\u00a0<\/span><\/p>\n<p class=\"font_8\" style=\"text-align: justify;\"><span>Potencia a tu equipo en campo para utilizar sin esfuerzo formularios digitales de recopilaci\u00f3n de datos para capturar fotos, im\u00e1genes y audio directamente dentro del propio formulario.\u00a0<\/span><\/p>\n<p class=\"font_8\" style=\"text-align: justify;\"><span>&gt; Al utilizar esta aplicaci\u00f3n, m\u00faltiples usuarios pueden acceder y completar formularios de manera simult\u00e1nea.<\/span><\/p>\n<p class=\"font_8\" style=\"text-align: justify;\"><span>&gt; Puedes personalizar la forma en que los usuarios completan un formulario para adaptarlo a tus necesidades.<\/span><\/p>\n<p class=\"font_8\" style=\"text-align: justify;\"><span>&gt; Dile adi\u00f3s a:<\/span><\/p>\n<ul>\n<li style=\"list-style-type: none;\">\n<ul>\n<li class=\"font_8\" style=\"text-align: justify;\"><span>tiempo dedicado a descifrar formularios escritos a mano.<\/span><\/li>\n<li class=\"font_8\" style=\"text-align: justify;\"><span>lose critical information.<\/span><\/li>\n<li class=\"font_8\" style=\"text-align: justify;\"><span>la laboriosa tarea de volver a ingresar manualmente los datos del formulario.<\/span><\/li>\n<\/ul>\n<\/li>\n<\/ul>\n<p class=\"font_8\" style=\"text-align: justify;\"><span><\/span><\/p>\n<p class=\"font_8\" style=\"text-align: justify;\"><span><\/span><\/p>\n<\/div>\n<\/div>\n<\/div>\n<p>[\/et_pb_text][\/et_pb_column][\/et_pb_row][et_pb_row column_structure=&#8221;3_5,2_5&#8243; make_equal=&#8221;on&#8221; module_class=&#8221;reverse&#8221; _builder_version=&#8221;4.16&#8243; _module_preset=&#8221;default&#8221; max_width=&#8221;100%&#8221; custom_padding=&#8221;30px||1px|||&#8221; animation_style=&#8221;slide&#8221; global_colors_info=&#8221;{}&#8221;][et_pb_column type=&#8221;3_5&#8243; _builder_version=&#8221;4.16&#8243; _module_preset=&#8221;default&#8221; custom_css_main_element=&#8221;display: flex;|| flex-direction: column;|| justify-content: center;&#8221; global_colors_info=&#8221;{}&#8221;][et_pb_text _builder_version=&#8221;4.20.2&#8243; _module_preset=&#8221;8cf81b34-e535-4f43-bc2a-1ed85bedf24b&#8221; global_colors_info=&#8221;{}&#8221;]<\/p>\n<div id=\"comp-krcii55n1\" class=\"_1Q9if\" data-testid=\"richTextElement\">\n<div id=\"comp-krcii55n1\" class=\"_1Q9if\" data-testid=\"richTextElement\">\n<div id=\"comp-krcii565\" class=\"_1Q9if\" data-testid=\"richTextElement\">\n<div id=\"comp-krcii5772\" class=\"_1Q9if\" data-testid=\"richTextElement\">\n<h2 class=\"font_3\"><span style=\"font-size: 26px;\">Generaci\u00f3n de informes<\/span><\/h2>\n<\/div>\n<div id=\"comp-krcii579\" class=\"_1Q9if\" data-testid=\"richTextElement\">\n<p class=\"font_8\" style=\"text-align: justify;\"><span style=\"font-size: 14px;\">Con el motor de generaci\u00f3n de informes ad hoc, los usuarios tienen la flexibilidad de dise\u00f1ar sus propios informes, guardarlos y exportarlos en diversos formatos. <\/span><\/p>\n<p class=\"font_8\" style=\"text-align: justify;\"><span style=\"font-size: 14px;\">&gt; Exportar datos en formatos Excel y CSV, permitiendo una f\u00e1cil manipulaci\u00f3n y an\u00e1lisis.<\/span><\/p>\n<p class=\"font_8\" style=\"text-align: justify;\"><span style=\"font-size: 14px;\">&gt; Visualizar y exportar datos utilizando gr\u00e1ficos, gr\u00e1ficas de pastel y mapas de calor, proporcionando representaciones claras cada vez que los datos necesiten ser presentados en formato visual.\u00a0<\/span><\/p>\n<p class=\"font_8\"><span style=\"font-size: 14px;\"><\/span><\/p>\n<\/div>\n<\/div>\n<\/div>\n<\/div>\n<p>[\/et_pb_text][\/et_pb_column][et_pb_column type=&#8221;2_5&#8243; _builder_version=&#8221;4.16&#8243; _module_preset=&#8221;default&#8221; background_color=&#8221;#707070&#8243; background_image=&#8221;https:\/\/ifarming.ai\/wp-content\/uploads\/2021\/11\/fondo4-1.webp&#8221; background_blend=&#8221;soft-light&#8221; global_colors_info=&#8221;{}&#8221;][et_pb_image src=&#8221;https:\/\/ifarming.ai\/wp-content\/uploads\/2021\/09\/4-3.svg&#8221; title_text=&#8221;4&#8243; align=&#8221;center&#8221; module_class=&#8221;digital-icono&#8221; _builder_version=&#8221;4.16&#8243; _module_preset=&#8221;default&#8221; width=&#8221;150px&#8221; custom_margin=&#8221;200px||200px||true|false&#8221; custom_padding=&#8221;||||false|false&#8221; global_colors_info=&#8221;{}&#8221; src__hover_enabled=&#8221;off|desktop&#8221;][\/et_pb_image][\/et_pb_column][\/et_pb_row][\/et_pb_section][et_pb_section fb_built=&#8221;1&#8243; _builder_version=&#8221;4.27.0&#8243; _module_preset=&#8221;default&#8221; background_image=&#8221;https:\/\/ifarming.ai\/wp-content\/uploads\/2021\/11\/fondo-callToAction-1.webp&#8221; parallax=&#8221;on&#8221; parallax_method=&#8221;off&#8221; min_height=&#8221;264.5px&#8221; custom_margin=&#8221;152px|||||&#8221; custom_padding=&#8221;0px||5px|||&#8221; global_module=&#8221;1228&#8243; saved_tabs=&#8221;all&#8221; global_colors_info=&#8221;{}&#8221;][et_pb_row _builder_version=&#8221;4.27.0&#8243; _module_preset=&#8221;default&#8221; min_height=&#8221;162.5px&#8221; custom_margin=&#8221;||||true|true&#8221; custom_padding=&#8221;80px||80px||true|true&#8221; global_colors_info=&#8221;{}&#8221;][et_pb_column type=&#8221;4_4&#8243; _builder_version=&#8221;4.16&#8243; _module_preset=&#8221;default&#8221; global_colors_info=&#8221;{}&#8221;][et_pb_cta title=&#8221;Do you need more info?&#8221; button_url=&#8221;@ET-DC@eyJkeW5hbWljIjp0cnVlLCJjb250ZW50IjoicG9zdF9saW5rX3VybF9wYWdlIiwic2V0dGluZ3MiOnsicG9zdF9pZCI6IjEzNiJ9fQ==@&#8221; button_text=&#8221;Contact Us!&#8221; _builder_version=&#8221;4.16&#8243; _dynamic_attributes=&#8221;button_url&#8221; _module_preset=&#8221;default&#8221; header_font=&#8221;|700||on|||||&#8221; background_enable_color=&#8221;off&#8221; custom_button=&#8221;on&#8221; button_text_size=&#8221;15px&#8221; button_text_color=&#8221;#FFFFFF&#8221; button_bg_color=&#8221;#55B8E7&#8243; button_border_width=&#8221;0px&#8221; button_border_radius=&#8221;21px&#8221; button_font=&#8221;|700||on|||||&#8221; custom_padding=&#8221;||8px|||&#8221; global_colors_info=&#8221;{}&#8221;][\/et_pb_cta][\/et_pb_column][\/et_pb_row][\/et_pb_section]<\/p>","protected":false},"excerpt":{"rendered":"<p>CAPIS is a cutting-edge application designed to revolutionize the way you capture and manage data. Say goodbye to paper forms and embrace a more efficient and digital approach.\u00a0 Please read our Privacy Policy and Terms &amp; Conditions carefully before accessing to CAPIS. Create Forms in Minutes Transform data collection into a digital process using intelligent [&hellip;]<\/p>","protected":false},"author":1,"featured_media":0,"parent":0,"menu_order":0,"comment_status":"closed","ping_status":"closed","template":"","meta":{"_acf_changed":false,"_et_pb_use_builder":"on","_et_pb_old_content":"","_et_gb_content_width":"","footnotes":""},"class_list":["post-571","page","type-page","status-publish","hentry"],"acf":[],"yoast_head":"<!-- This site is optimized with the Yoast SEO plugin v25.0 - https:\/\/yoast.com\/wordpress\/plugins\/seo\/ -->\n<title>CAPIS - IFarming<\/title>\n<meta name=\"robots\" content=\"index, follow, max-snippet:-1, max-image-preview:large, max-video-preview:-1\" \/>\n<link rel=\"canonical\" href=\"https:\/\/ifarming.ai\/es\/capis\/\" \/>\n<meta property=\"og:locale\" content=\"es_ES\" \/>\n<meta property=\"og:type\" content=\"article\" \/>\n<meta property=\"og:title\" content=\"CAPIS - IFarming\" \/>\n<meta property=\"og:description\" content=\"CAPIS is a cutting-edge application designed to revolutionize the way you capture and manage data. Say goodbye to paper forms and embrace a more efficient and digital approach.\u00a0 Please read our Privacy Policy and Terms &amp; Conditions carefully before accessing to CAPIS. Create Forms in Minutes Transform data collection into a digital process using intelligent [&hellip;]\" \/>\n<meta property=\"og:url\" content=\"https:\/\/ifarming.ai\/es\/capis\/\" \/>\n<meta property=\"og:site_name\" content=\"IFarming\" \/>\n<meta property=\"article:modified_time\" content=\"2024-11-28T20:54:43+00:00\" \/>\n<meta name=\"twitter:card\" content=\"summary_large_image\" \/>\n<meta name=\"twitter:label1\" content=\"Tiempo de lectura\" \/>\n\t<meta name=\"twitter:data1\" content=\"2 minutos\" \/>\n<script type=\"application\/ld+json\" class=\"yoast-schema-graph\">{\"@context\":\"https:\/\/schema.org\",\"@graph\":[{\"@type\":\"WebPage\",\"@id\":\"https:\/\/ifarming.ai\/capis\/\",\"url\":\"https:\/\/ifarming.ai\/capis\/\",\"name\":\"CAPIS - IFarming\",\"isPartOf\":{\"@id\":\"https:\/\/ifarming.ai\/#website\"},\"datePublished\":\"2021-09-10T05:02:58+00:00\",\"dateModified\":\"2024-11-28T20:54:43+00:00\",\"breadcrumb\":{\"@id\":\"https:\/\/ifarming.ai\/capis\/#breadcrumb\"},\"inLanguage\":\"es\",\"potentialAction\":[{\"@type\":\"ReadAction\",\"target\":[\"https:\/\/ifarming.ai\/capis\/\"]}]},{\"@type\":\"BreadcrumbList\",\"@id\":\"https:\/\/ifarming.ai\/capis\/#breadcrumb\",\"itemListElement\":[{\"@type\":\"ListItem\",\"position\":1,\"name\":\"Home\",\"item\":\"https:\/\/ifarming.ai\/\"},{\"@type\":\"ListItem\",\"position\":2,\"name\":\"CAPIS\"}]},{\"@type\":\"WebSite\",\"@id\":\"https:\/\/ifarming.ai\/#website\",\"url\":\"https:\/\/ifarming.ai\/\",\"name\":\"IFarming\",\"description\":\"Providing a Complete Suite of Solutions\",\"potentialAction\":[{\"@type\":\"SearchAction\",\"target\":{\"@type\":\"EntryPoint\",\"urlTemplate\":\"https:\/\/ifarming.ai\/?s={search_term_string}\"},\"query-input\":{\"@type\":\"PropertyValueSpecification\",\"valueRequired\":true,\"valueName\":\"search_term_string\"}}],\"inLanguage\":\"es\"}]}<\/script>\n<!-- \/ Yoast SEO plugin. -->","yoast_head_json":{"title":"CAPIS - IFarming","robots":{"index":"index","follow":"follow","max-snippet":"max-snippet:-1","max-image-preview":"max-image-preview:large","max-video-preview":"max-video-preview:-1"},"canonical":"https:\/\/ifarming.ai\/es\/capis\/","og_locale":"es_ES","og_type":"article","og_title":"CAPIS - IFarming","og_description":"CAPIS is a cutting-edge application designed to revolutionize the way you capture and manage data. Say goodbye to paper forms and embrace a more efficient and digital approach.\u00a0 Please read our Privacy Policy and Terms &amp; Conditions carefully before accessing to CAPIS. Create Forms in Minutes Transform data collection into a digital process using intelligent [&hellip;]","og_url":"https:\/\/ifarming.ai\/es\/capis\/","og_site_name":"IFarming","article_modified_time":"2024-11-28T20:54:43+00:00","twitter_card":"summary_large_image","twitter_misc":{"Tiempo de lectura":"2 minutos"},"schema":{"@context":"https:\/\/schema.org","@graph":[{"@type":"WebPage","@id":"https:\/\/ifarming.ai\/capis\/","url":"https:\/\/ifarming.ai\/capis\/","name":"CAPIS - IFarming","isPartOf":{"@id":"https:\/\/ifarming.ai\/#website"},"datePublished":"2021-09-10T05:02:58+00:00","dateModified":"2024-11-28T20:54:43+00:00","breadcrumb":{"@id":"https:\/\/ifarming.ai\/capis\/#breadcrumb"},"inLanguage":"es","potentialAction":[{"@type":"ReadAction","target":["https:\/\/ifarming.ai\/capis\/"]}]},{"@type":"BreadcrumbList","@id":"https:\/\/ifarming.ai\/capis\/#breadcrumb","itemListElement":[{"@type":"ListItem","position":1,"name":"Home","item":"https:\/\/ifarming.ai\/"},{"@type":"ListItem","position":2,"name":"CAPIS"}]},{"@type":"WebSite","@id":"https:\/\/ifarming.ai\/#website","url":"https:\/\/ifarming.ai\/","name":"IFarming","description":"Providing a Complete Suite of Solutions","potentialAction":[{"@type":"SearchAction","target":{"@type":"EntryPoint","urlTemplate":"https:\/\/ifarming.ai\/?s={search_term_string}"},"query-input":{"@type":"PropertyValueSpecification","valueRequired":true,"valueName":"search_term_string"}}],"inLanguage":"es"}]}},"_links":{"self":[{"href":"https:\/\/ifarming.ai\/es\/wp-json\/wp\/v2\/pages\/571","targetHints":{"allow":["GET"]}}],"collection":[{"href":"https:\/\/ifarming.ai\/es\/wp-json\/wp\/v2\/pages"}],"about":[{"href":"https:\/\/ifarming.ai\/es\/wp-json\/wp\/v2\/types\/page"}],"author":[{"embeddable":true,"href":"https:\/\/ifarming.ai\/es\/wp-json\/wp\/v2\/users\/1"}],"replies":[{"embeddable":true,"href":"https:\/\/ifarming.ai\/es\/wp-json\/wp\/v2\/comments?post=571"}],"version-history":[{"count":2,"href":"https:\/\/ifarming.ai\/es\/wp-json\/wp\/v2\/pages\/571\/revisions"}],"predecessor-version":[{"id":3422,"href":"https:\/\/ifarming.ai\/es\/wp-json\/wp\/v2\/pages\/571\/revisions\/3422"}],"wp:attachment":[{"href":"https:\/\/ifarming.ai\/es\/wp-json\/wp\/v2\/media?parent=571"}],"curies":[{"name":"wp","href":"https:\/\/api.w.org\/{rel}","templated":true}]}}