{"id":3290,"date":"2024-08-29T12:07:50","date_gmt":"2024-08-29T16:07:50","guid":{"rendered":"https:\/\/ifarming.ai\/?page_id=3290"},"modified":"2024-08-30T19:01:39","modified_gmt":"2024-08-30T23:01:39","slug":"profe-campus-virtual","status":"publish","type":"page","link":"https:\/\/ifarming.ai\/es\/profe-campus-virtual\/","title":{"rendered":"Profe Campus Virtual"},"content":{"rendered":"<p>[et_pb_section fb_built=&#8221;1&#8243; _builder_version=&#8221;4.27.0&#8243; _module_preset=&#8221;default&#8221; background_color=&#8221;#2f4daa&#8221; background_enable_image=&#8221;off&#8221; parallax=&#8221;on&#8221; custom_margin_last_edited=&#8221;off|desktop&#8221; custom_padding=&#8221;2px||0px|||&#8221; global_colors_info=&#8221;{}&#8221;][et_pb_row _builder_version=&#8221;4.16&#8243; _module_preset=&#8221;default&#8221; background_enable_color=&#8221;off&#8221; custom_padding=&#8221;0px||0px||true|true&#8221; global_colors_info=&#8221;{}&#8221;][et_pb_column type=&#8221;4_4&#8243; _builder_version=&#8221;4.16&#8243; _module_preset=&#8221;default&#8221; background_color=&#8221;RGBA(0,0,0,0)&#8221; custom_padding=&#8221;50px||50px|50px|true|false&#8221; custom_padding_tablet=&#8221;&#8221; custom_padding_phone=&#8221;&#8221; custom_padding_last_edited=&#8221;on|desktop&#8221; global_colors_info=&#8221;{}&#8221;][et_pb_cta title=&#8221;Profe Campus Virtual&#8221; url_new_window=&#8221;on&#8221; _builder_version=&#8221;4.27.0&#8243; _module_preset=&#8221;default&#8221; header_font=&#8221;|700|||||||&#8221; header_text_align=&#8221;left&#8221; header_text_color=&#8221;#2f4daa&#8221; header_font_size=&#8221;32px&#8221; body_text_align=&#8221;left&#8221; body_text_color=&#8221;#707070&#8243; background_color=&#8221;#FFFFFF&#8221; background_layout=&#8221;light&#8221; width=&#8221;50%&#8221; width_tablet=&#8221;80%&#8221; width_phone=&#8221;100%&#8221; width_last_edited=&#8221;on|phone&#8221; module_alignment=&#8221;right&#8221; custom_margin=&#8221;|-56px|-50px|||&#8221; link_option_url_new_window=&#8221;on&#8221; body_text_color_tablet=&#8221;&#8221; body_text_color_phone=&#8221;&#8221; body_text_color_last_edited=&#8221;on|desktop&#8221; module_alignment_tablet=&#8221;&#8221; module_alignment_phone=&#8221;center&#8221; module_alignment_last_edited=&#8221;on|desktop&#8221; global_colors_info=&#8221;{}&#8221; body_text_color__hover_enabled=&#8221;on|desktop&#8221; body_text_color__hover=&#8221;#707070&#8243;]<\/p>\n<p><strong>Potencia el aprendizaje en tu empresa<\/strong><\/p>\n<p>Profe Campus Virtual es la soluci\u00f3n ideal para empresas que buscan mejorar su gesti\u00f3n de aprendizaje y desarrollo. Nuestra plataforma ofrece una experiencia de usuario intuitiva, flexible y completamente personalizable, dise\u00f1ada para adaptarse a las necesidades espec\u00edficas de tu organizaci\u00f3n. A trav\u00e9s de un sistema LMS robusto y din\u00e1mico, facilitamos el onboarding de nuevos empleados, la capacitaci\u00f3n continua y la formaci\u00f3n de clientes.<\/p>\n<p>Por favor, lea atentamente nuestra <span style=\"color: #0000ff;\"><a href=\"https:\/\/ifarming.ai\/es\/privacy-policy\/?trp-edit-translation=preview\" style=\"color: #0000ff;\" target=\"_blank\" rel=\"noopener\">Pol\u00edticas de Privacidad<\/a><\/span>, <span style=\"color: #0000ff;\"><a href=\"https:\/\/ifarming.ai\/es\/?page_id=2646&amp;preview=true\" style=\"color: #0000ff;\" target=\"_blank\" rel=\"noopener\">Pol\u00edticas de Cookies<\/a><\/span> and <span style=\"color: #0000ff;\"><a href=\"https:\/\/ifarming.ai\/es\/terms-campus-virtual\/\" style=\"color: #0000ff;\" target=\"_blank\" rel=\"noopener\">T\u00e9rminos y Condiciones<\/a><\/span> antes de acceder a <span style=\"color: #0000ff;\"><a href=\"https:\/\/campus-online.ifarming.ai\/\" style=\"color: #0000ff;\" target=\"_blank\" rel=\"noopener\">Profe Campus Virtual<\/a><\/span>.<\/p>\n<p>[\/et_pb_cta][\/et_pb_column][\/et_pb_row][\/et_pb_section][et_pb_section fb_built=&#8221;1&#8243; _builder_version=&#8221;4.27.0&#8243; _module_preset=&#8221;default&#8221; background_color=&#8221;#f6f8fe&#8221; min_height=&#8221;2014px&#8221; custom_margin=&#8221;0px||||false|false&#8221; custom_padding=&#8221;||29px|||&#8221; global_colors_info=&#8221;{}&#8221;][et_pb_row column_structure=&#8221;2_5,3_5&#8243; make_equal=&#8221;on&#8221; _builder_version=&#8221;4.27.0&#8243; _module_preset=&#8221;default&#8221; max_width=&#8221;80%&#8221; height=&#8221;380px&#8221; height_tablet=&#8221;380px&#8221; height_phone=&#8221;380px&#8221; height_last_edited=&#8221;on|desktop&#8221; max_height=&#8221;500px&#8221; max_height_tablet=&#8221;500px&#8221; max_height_phone=&#8221;1000px&#8221; max_height_last_edited=&#8221;on|phone&#8221; custom_padding=&#8221;30px||1px||false|false&#8221; animation_style=&#8221;slide&#8221; custom_css_main_element=&#8221;align-items: center&#8221; global_colors_info=&#8221;{}&#8221;][et_pb_column type=&#8221;2_5&#8243; _builder_version=&#8221;4.27.0&#8243; _module_preset=&#8221;default&#8221; background_enable_color=&#8221;off&#8221; background_enable_image=&#8221;off&#8221; background_position=&#8221;center_left&#8221; background_blend=&#8221;soft-light&#8221; custom_padding=&#8221;0px||0px||false|false&#8221; background_last_edited=&#8221;on|phone&#8221; global_colors_info=&#8221;{}&#8221;][et_pb_image src=&#8221;https:\/\/ifarming.ai\/wp-content\/uploads\/2024\/08\/PC-Profe-Campus-Virtual_1.png&#8221; alt=&#8221;PC Profe Campus Virtual&#8221; title_text=&#8221;PC Profe Campus Virtual_1&#8243; _builder_version=&#8221;4.27.0&#8243; _module_preset=&#8221;default&#8221; global_colors_info=&#8221;{}&#8221;][\/et_pb_image][\/et_pb_column][et_pb_column type=&#8221;3_5&#8243; _builder_version=&#8221;4.16&#8243; _module_preset=&#8221;default&#8221; custom_css_main_element=&#8221;display: flex;|| flex-direction: column;|| justify-content: center;&#8221; global_colors_info=&#8221;{}&#8221;][et_pb_text _builder_version=&#8221;4.27.0&#8243; _module_preset=&#8221;8cf81b34-e535-4f43-bc2a-1ed85bedf24b&#8221; global_colors_info=&#8221;{}&#8221;]<\/p>\n<div id=\"comp-krcii55n1\" class=\"_1Q9if\" data-testid=\"richTextElement\">\n<div id=\"comp-krcii55n1\" class=\"_1Q9if\" data-testid=\"richTextElement\">\n<div id=\"comp-krcii565\" class=\"_1Q9if\" data-testid=\"richTextElement\"><\/div>\n<div id=\"comp-krcii5671\" class=\"_1Q9if\" data-testid=\"richTextElement\">\n<p><strong style=\"color: #333333; font-size: 26px;\"><span style=\"color: #2f4daa;\">\u00bfPor qu\u00e9 elegir Profe Campus Virtual?<\/span><\/strong><\/p>\n<\/div>\n<\/div>\n<div id=\"comp-krcii55p1\" class=\"_1Q9if\" data-testid=\"richTextElement\">\n<div id=\"comp-krcii56w1\" class=\"_1Q9if\" data-testid=\"richTextElement\">\n<p>&nbsp;<\/p>\n<ul>\n<li><strong>Facilidad de Uso:<\/strong> No necesitas ser un experto para empezar. Nuestra plataforma est\u00e1 dise\u00f1ada para que cualquier persona pueda crear, gestionar y monitorizar cursos sin complicaciones.<\/li>\n<li><strong>Adaptabilidad:<\/strong> No todas las empresas son iguales, y Profe Campus Virtual entiende eso. Nuestra plataforma se adapta a tu organizaci\u00f3n, no al rev\u00e9s.<\/li>\n<li><strong>\u00c9xito Comprobado:<\/strong> Ya sea que est\u00e9s capacitando a tus empleados, brindando formaci\u00f3n a clientes o realizando onboarding, Profe Campus Virtual ha demostrado ser una herramienta clave para mejorar la eficiencia y el rendimiento.<\/li>\n<\/ul>\n<\/div>\n<\/div>\n<\/div>\n<p>[\/et_pb_text][\/et_pb_column][\/et_pb_row][et_pb_row column_structure=&#8221;3_5,2_5&#8243; make_equal=&#8221;on&#8221; module_class=&#8221;reverse&#8221; _builder_version=&#8221;4.27.0&#8243; _module_preset=&#8221;default&#8221; background_blend=&#8221;soft-light&#8221; max_width=&#8221;100%&#8221; height=&#8221;1000px&#8221; height_tablet=&#8221;1000px&#8221; height_phone=&#8221;1000px&#8221; height_last_edited=&#8221;on|desktop&#8221; max_height=&#8221;500px&#8221; max_height_tablet=&#8221;500px&#8221; max_height_phone=&#8221;1000px&#8221; max_height_last_edited=&#8221;on|phone&#8221; custom_padding=&#8221;30px||1px|||&#8221; animation_style=&#8221;slide&#8221; custom_css_main_element=&#8221;align-items: center&#8221; global_colors_info=&#8221;{}&#8221; custom_css_main_element_last_edited=&#8221;on|tablet&#8221; custom_css_main_element_tablet=&#8221;display:flex;||flex-direction: column-reverse;||||||&#8221; custom_css_main_element_phone=&#8221;display:flex;||flex-direction: column-reverse;||||||&#8221;][et_pb_column type=&#8221;3_5&#8243; _builder_version=&#8221;4.16&#8243; _module_preset=&#8221;default&#8221; custom_css_main_element=&#8221;display: flex;|| flex-direction: column;|| justify-content: center;&#8221; global_colors_info=&#8221;{}&#8221;][et_pb_text _builder_version=&#8221;4.27.0&#8243; _module_preset=&#8221;8cf81b34-e535-4f43-bc2a-1ed85bedf24b&#8221; global_colors_info=&#8221;{}&#8221;]<\/p>\n<div id=\"comp-krcii55n1\" class=\"_1Q9if\" data-testid=\"richTextElement\">\n<div id=\"comp-krcii55n1\" class=\"_1Q9if\" data-testid=\"richTextElement\">\n<div id=\"comp-krcii565\" class=\"_1Q9if\" data-testid=\"richTextElement\">\n<div id=\"comp-krcii56v\" class=\"_1Q9if\" data-testid=\"richTextElement\">\n<div id=\"comp-krcii565\" class=\"_1Q9if\" data-testid=\"richTextElement\">\n<h2 class=\"font_3\"><span style=\"color: #2f4daa;\"><strong><\/strong><\/span><\/h2>\n<h2 class=\"font_3\"><span style=\"color: #2f4daa;\"><strong>Gesti\u00f3n integral de cursos<\/strong><\/span><\/h2>\n<\/div>\n<div id=\"comp-krcii5671\" class=\"_1Q9if\" data-testid=\"richTextElement\">\n<p>&nbsp;<\/p>\n<ul>\n<li><strong>Capacitaci\u00f3n personalizada y escalable:<\/strong> Dise\u00f1a y gestiona cursos que se alineen con los objetivos estrat\u00e9gicos de tu empresa. Desde el onboarding de nuevos empleados hasta el desarrollo profesional continuo, nuestra plataforma te permite ofrecer formaci\u00f3n efectiva, relevante y en cualquier escala.<\/li>\n<li><strong>Gesti\u00f3n de aprendizaje centralizada:<\/strong> Profe Campus Virtual ofrece un panel de administraci\u00f3n centralizado para gestionar usuarios, asignar cursos, monitorear el progreso y evaluar el rendimiento, todo desde un solo lugar.<\/li>\n<li><strong>Experiencia de usuario intuitiva:<\/strong> Con una interfaz amigable y f\u00e1cil de navegar, tanto administradores como usuarios disfrutan de una experiencia fluida que facilita el aprendizaje y la gesti\u00f3n de contenido.<\/li>\n<li><strong>Contenido interactivo y multiformato:<\/strong> Integra videos, cuestionarios, documentos, foros, y otros recursos interactivos para crear experiencias de aprendizaje din\u00e1micas que mantengan a los usuarios comprometidos.<\/li>\n<\/ul>\n<\/div>\n<\/div>\n<div id=\"comp-krcii56w1\" class=\"_1Q9if\" data-testid=\"richTextElement\"><\/div>\n<\/div>\n<\/div>\n<\/div>\n<p>[\/et_pb_text][\/et_pb_column][et_pb_column type=&#8221;2_5&#8243; _builder_version=&#8221;4.27.0&#8243; _module_preset=&#8221;default&#8221; background_enable_color=&#8221;off&#8221; background_enable_image=&#8221;off&#8221; background_position=&#8221;center_left&#8221; background_blend=&#8221;soft-light&#8221; background_last_edited=&#8221;on|phone&#8221; global_colors_info=&#8221;{}&#8221;][et_pb_image src=&#8221;https:\/\/ifarming.ai\/wp-content\/uploads\/2024\/08\/Profe-Campus-Virtual_2.png&#8221; alt=&#8221;Profe Campus Virtual_2&#8243; title_text=&#8221;Profe Campus Virtual_2&#8243; _builder_version=&#8221;4.27.0&#8243; _module_preset=&#8221;default&#8221; global_colors_info=&#8221;{}&#8221;][\/et_pb_image][\/et_pb_column][\/et_pb_row][et_pb_row column_structure=&#8221;2_5,3_5&#8243; make_equal=&#8221;on&#8221; _builder_version=&#8221;4.27.0&#8243; _module_preset=&#8221;default&#8221; max_width=&#8221;100%&#8221; height=&#8221;1000px&#8221; height_tablet=&#8221;1000px&#8221; height_phone=&#8221;1000px&#8221; height_last_edited=&#8221;on|phone&#8221; max_height=&#8221;500px&#8221; max_height_tablet=&#8221;500px&#8221; max_height_phone=&#8221;500px&#8221; max_height_last_edited=&#8221;on|phone&#8221; custom_padding=&#8221;31px||1px|||&#8221; animation_style=&#8221;slide&#8221; hover_enabled=&#8221;0&#8243; custom_css_main_element=&#8221;align-items: center&#8221; global_colors_info=&#8221;{}&#8221; sticky_enabled=&#8221;0&#8243;][et_pb_column type=&#8221;2_5&#8243; _builder_version=&#8221;4.27.0&#8243; _module_preset=&#8221;default&#8221; background_enable_color=&#8221;off&#8221; background_enable_image=&#8221;off&#8221; background_blend=&#8221;soft-light&#8221; background_last_edited=&#8221;on|phone&#8221; global_colors_info=&#8221;{}&#8221;][et_pb_image src=&#8221;https:\/\/ifarming.ai\/wp-content\/uploads\/2024\/08\/Profe-Campus-Virtual_3.png&#8221; alt=&#8221;Profe Campus Virtual&#8221; title_text=&#8221;Profe Campus Virtual_3&#8243; _builder_version=&#8221;4.27.0&#8243; _module_preset=&#8221;default&#8221; global_colors_info=&#8221;{}&#8221;][\/et_pb_image][\/et_pb_column][et_pb_column type=&#8221;3_5&#8243; _builder_version=&#8221;4.16&#8243; _module_preset=&#8221;default&#8221; custom_css_main_element=&#8221;display: flex;|| flex-direction: column;|| justify-content: center;&#8221; global_colors_info=&#8221;{}&#8221;][et_pb_text _builder_version=&#8221;4.27.0&#8243; _module_preset=&#8221;8cf81b34-e535-4f43-bc2a-1ed85bedf24b&#8221; hover_enabled=&#8221;0&#8243; global_colors_info=&#8221;{}&#8221; sticky_enabled=&#8221;0&#8243;]<\/p>\n<div id=\"comp-krcii55n1\" class=\"_1Q9if\" data-testid=\"richTextElement\">\n<div id=\"comp-krcii55n1\" class=\"_1Q9if\" data-testid=\"richTextElement\">\n<div id=\"comp-krcii56v\" class=\"_1Q9if\" data-testid=\"richTextElement\">\n<div id=\"comp-krcii56v\" class=\"_1Q9if\" data-testid=\"richTextElement\">\n<h2 class=\"font_3\"><strong><span style=\"color: #2f4daa;\">Herramientas avanzadas y capacidades de integraci\u00f3n<\/span><\/strong><\/h2>\n<\/div>\n<div id=\"comp-krcii56w1\" class=\"_1Q9if\" data-testid=\"richTextElement\">\n<p>&nbsp;<\/p>\n<ul>\n<li><strong>Informes avanzados y anal\u00edtica:<\/strong> Obt\u00e9n informaci\u00f3n en tiempo real sobre el progreso del aprendizaje y el rendimiento de los usuarios con nuestras herramientas de informes y an\u00e1lisis integradas. Toma decisiones informadas para optimizar tus programas de capacitaci\u00f3n.<\/li>\n<li><strong>Compatibilidad multidispositivo:<\/strong> Accede a la plataforma desde cualquier dispositivo, en cualquier momento y lugar. Profe Campus Virtual es completamente responsivo, asegurando una experiencia de usuario consistente y efectiva tanto en desktop como en m\u00f3viles.<\/li>\n<li><strong>Integraciones sencillas:<\/strong> Integra con facilidad Profe Campus Virtual con tus herramientas y sistemas existentes, como CRM, ERP, y herramientas de comunicaci\u00f3n, para crear un ecosistema de aprendizaje eficiente y cohesionado.<\/li>\n<li><strong>Seguridad y soporte de primer nivel:<\/strong> Profe Campus Virtual garantiza la seguridad de tus datos con altos est\u00e1ndares y ofrece soporte t\u00e9cnico para resolver cualquier duda o inconveniente.<\/li>\n<\/ul>\n<\/div>\n<\/div>\n<div id=\"comp-krcii56w1\" class=\"_1Q9if\" data-testid=\"richTextElement\">\n<p class=\"font_8\" style=\"text-align: justify;\">\n<\/div>\n<\/div>\n<\/div>\n<p>[\/et_pb_text][\/et_pb_column][\/et_pb_row][et_pb_row column_structure=&#8221;3_5,2_5&#8243; make_equal=&#8221;on&#8221; module_class=&#8221;reverse&#8221; _builder_version=&#8221;4.27.0&#8243; _module_preset=&#8221;default&#8221; max_width=&#8221;100%&#8221; height=&#8221;1000px&#8221; height_tablet=&#8221;1000px&#8221; height_phone=&#8221;&#8221; height_last_edited=&#8221;on|phone&#8221; max_height=&#8221;500px&#8221; max_height_tablet=&#8221;500px&#8221; max_height_phone=&#8221;&#8221; max_height_last_edited=&#8221;on|phone&#8221; custom_padding=&#8221;30px||1px|||&#8221; animation_style=&#8221;slide&#8221; hover_enabled=&#8221;0&#8243; custom_css_main_element=&#8221;align-items: center&#8221; global_colors_info=&#8221;{}&#8221; sticky_enabled=&#8221;0&#8243;][et_pb_column type=&#8221;3_5&#8243; _builder_version=&#8221;4.16&#8243; _module_preset=&#8221;default&#8221; custom_css_main_element=&#8221;display: flex;|| flex-direction: column;|| justify-content: center;&#8221; global_colors_info=&#8221;{}&#8221;][et_pb_text _builder_version=&#8221;4.27.0&#8243; _module_preset=&#8221;8cf81b34-e535-4f43-bc2a-1ed85bedf24b&#8221; hover_enabled=&#8221;0&#8243; global_colors_info=&#8221;{}&#8221; sticky_enabled=&#8221;0&#8243;]<\/p>\n<div id=\"comp-krcii55n1\" class=\"_1Q9if\" data-testid=\"richTextElement\">\n<div id=\"comp-krcii55n1\" class=\"_1Q9if\" data-testid=\"richTextElement\">\n<div id=\"comp-krcii565\" class=\"_1Q9if\" data-testid=\"richTextElement\">\n<div id=\"comp-krcii5772\" class=\"_1Q9if\" data-testid=\"richTextElement\"><\/div>\n<div id=\"comp-krcii579\" class=\"_1Q9if\" data-testid=\"richTextElement\">\n<div id=\"comp-krcii56v\" class=\"_1Q9if\" data-testid=\"richTextElement\">\n<h2 class=\"font_3\"><strong><span style=\"color: #2f4daa;\">Planes de suscripci\u00f3n flexibles para empresas<\/span><\/strong><\/h2>\n<\/div>\n<div id=\"comp-krcii56w1\" class=\"_1Q9if\" data-testid=\"richTextElement\">\n<p>&nbsp;<\/p>\n<p>Profe Campus Virtual ofrece planes mensuales y anuales flexibles dise\u00f1ados para empresas de todos los tama\u00f1os. Ya sea que busques capacitar a un peque\u00f1o equipo o a toda una organizaci\u00f3n, nuestros planes te permiten crecer y escalar sin complicaciones.<\/p>\n<\/div>\n<p class=\"font_8\">\n<\/div>\n<\/div>\n<\/div>\n<\/div>\n<p>[\/et_pb_text][\/et_pb_column][et_pb_column type=&#8221;2_5&#8243; _builder_version=&#8221;4.27.0&#8243; _module_preset=&#8221;default&#8221; background_enable_color=&#8221;off&#8221; background_enable_image=&#8221;off&#8221; background_blend=&#8221;soft-light&#8221; background_last_edited=&#8221;on|tablet&#8221; background_size_phone=&#8221;cover&#8221; global_colors_info=&#8221;{}&#8221;][et_pb_image src=&#8221;https:\/\/ifarming.ai\/wp-content\/uploads\/2024\/08\/Profe-Campus-Virtual_4.png&#8221; alt=&#8221;Profe Campus Virtual&#8221; title_text=&#8221;Profe Campus Virtual_4&#8243; show_bottom_space_tablet=&#8221;&#8221; show_bottom_space_phone=&#8221;&#8221; show_bottom_space_last_edited=&#8221;on|tablet&#8221; _builder_version=&#8221;4.27.0&#8243; _module_preset=&#8221;default&#8221; hover_enabled=&#8221;0&#8243; global_colors_info=&#8221;{}&#8221; sticky_enabled=&#8221;0&#8243;][\/et_pb_image][\/et_pb_column][\/et_pb_row][\/et_pb_section][et_pb_section fb_built=&#8221;1&#8243; _builder_version=&#8221;4.27.0&#8243; _module_preset=&#8221;default&#8221; background_image=&#8221;https:\/\/ifarming.ai\/wp-content\/uploads\/2021\/11\/fondo-callToAction-1.webp&#8221; parallax=&#8221;on&#8221; parallax_method=&#8221;off&#8221; min_height=&#8221;264.5px&#8221; custom_margin=&#8221;152px|||||&#8221; custom_padding=&#8221;0px||5px|||&#8221; global_module=&#8221;1228&#8243; saved_tabs=&#8221;all&#8221; global_colors_info=&#8221;{}&#8221;][et_pb_row _builder_version=&#8221;4.27.0&#8243; _module_preset=&#8221;default&#8221; min_height=&#8221;162.5px&#8221; custom_margin=&#8221;||||true|true&#8221; custom_padding=&#8221;80px||80px||true|true&#8221; global_colors_info=&#8221;{}&#8221;][et_pb_column type=&#8221;4_4&#8243; _builder_version=&#8221;4.16&#8243; _module_preset=&#8221;default&#8221; global_colors_info=&#8221;{}&#8221;][et_pb_cta title=&#8221;Do you need more info?&#8221; button_url=&#8221;@ET-DC@eyJkeW5hbWljIjp0cnVlLCJjb250ZW50IjoicG9zdF9saW5rX3VybF9wYWdlIiwic2V0dGluZ3MiOnsicG9zdF9pZCI6IjEzNiJ9fQ==@&#8221; button_text=&#8221;Contact Us!&#8221; _builder_version=&#8221;4.16&#8243; _dynamic_attributes=&#8221;button_url&#8221; _module_preset=&#8221;default&#8221; header_font=&#8221;|700||on|||||&#8221; background_enable_color=&#8221;off&#8221; custom_button=&#8221;on&#8221; button_text_size=&#8221;15px&#8221; button_text_color=&#8221;#FFFFFF&#8221; button_bg_color=&#8221;#55B8E7&#8243; button_border_width=&#8221;0px&#8221; button_border_radius=&#8221;21px&#8221; button_font=&#8221;|700||on|||||&#8221; custom_padding=&#8221;||8px|||&#8221; global_colors_info=&#8221;{}&#8221;][\/et_pb_cta][\/et_pb_column][\/et_pb_row][\/et_pb_section]<\/p>","protected":false},"excerpt":{"rendered":"<p>Empower Learning in Your Company Profe Campus Virtual is the ideal solution for companies looking to enhance their learning and development management. Our platform offers an intuitive, flexible, and fully customizable user experience designed to meet the specific needs of your organization. Through a robust and dynamic LMS system, we facilitate employee onboarding, continuous training, [&hellip;]<\/p>","protected":false},"author":2,"featured_media":0,"parent":0,"menu_order":0,"comment_status":"closed","ping_status":"closed","template":"","meta":{"_acf_changed":false,"_et_pb_use_builder":"on","_et_pb_old_content":"","_et_gb_content_width":"","footnotes":""},"class_list":["post-3290","page","type-page","status-publish","hentry"],"acf":[],"yoast_head":"<!-- This site is optimized with the Yoast SEO plugin v25.0 - https:\/\/yoast.com\/wordpress\/plugins\/seo\/ -->\n<title>Profe Campus Virtual - IFarming<\/title>\n<meta name=\"robots\" content=\"index, follow, max-snippet:-1, max-image-preview:large, max-video-preview:-1\" \/>\n<link rel=\"canonical\" href=\"https:\/\/ifarming.ai\/es\/profe-campus-virtual\/\" \/>\n<meta property=\"og:locale\" content=\"es_ES\" \/>\n<meta property=\"og:type\" content=\"article\" \/>\n<meta property=\"og:title\" content=\"Profe Campus Virtual - IFarming\" \/>\n<meta property=\"og:description\" content=\"Empower Learning in Your Company Profe Campus Virtual is the ideal solution for companies looking to enhance their learning and development management. Our platform offers an intuitive, flexible, and fully customizable user experience designed to meet the specific needs of your organization. Through a robust and dynamic LMS system, we facilitate employee onboarding, continuous training, [&hellip;]\" \/>\n<meta property=\"og:url\" content=\"https:\/\/ifarming.ai\/es\/profe-campus-virtual\/\" \/>\n<meta property=\"og:site_name\" content=\"IFarming\" \/>\n<meta property=\"article:modified_time\" content=\"2024-08-30T23:01:39+00:00\" \/>\n<meta name=\"twitter:card\" content=\"summary_large_image\" \/>\n<meta name=\"twitter:label1\" content=\"Tiempo de lectura\" \/>\n\t<meta name=\"twitter:data1\" content=\"3 minutos\" \/>\n<script type=\"application\/ld+json\" class=\"yoast-schema-graph\">{\"@context\":\"https:\/\/schema.org\",\"@graph\":[{\"@type\":\"WebPage\",\"@id\":\"https:\/\/ifarming.ai\/profe-campus-virtual\/\",\"url\":\"https:\/\/ifarming.ai\/profe-campus-virtual\/\",\"name\":\"Profe Campus Virtual - IFarming\",\"isPartOf\":{\"@id\":\"https:\/\/ifarming.ai\/#website\"},\"datePublished\":\"2024-08-29T16:07:50+00:00\",\"dateModified\":\"2024-08-30T23:01:39+00:00\",\"breadcrumb\":{\"@id\":\"https:\/\/ifarming.ai\/profe-campus-virtual\/#breadcrumb\"},\"inLanguage\":\"es\",\"potentialAction\":[{\"@type\":\"ReadAction\",\"target\":[\"https:\/\/ifarming.ai\/profe-campus-virtual\/\"]}]},{\"@type\":\"BreadcrumbList\",\"@id\":\"https:\/\/ifarming.ai\/profe-campus-virtual\/#breadcrumb\",\"itemListElement\":[{\"@type\":\"ListItem\",\"position\":1,\"name\":\"Home\",\"item\":\"https:\/\/ifarming.ai\/\"},{\"@type\":\"ListItem\",\"position\":2,\"name\":\"Profe Campus Virtual\"}]},{\"@type\":\"WebSite\",\"@id\":\"https:\/\/ifarming.ai\/#website\",\"url\":\"https:\/\/ifarming.ai\/\",\"name\":\"IFarming\",\"description\":\"Providing a Complete Suite of Solutions\",\"potentialAction\":[{\"@type\":\"SearchAction\",\"target\":{\"@type\":\"EntryPoint\",\"urlTemplate\":\"https:\/\/ifarming.ai\/?s={search_term_string}\"},\"query-input\":{\"@type\":\"PropertyValueSpecification\",\"valueRequired\":true,\"valueName\":\"search_term_string\"}}],\"inLanguage\":\"es\"}]}<\/script>\n<!-- \/ Yoast SEO plugin. -->","yoast_head_json":{"title":"Profe Campus Virtual - IFarming","robots":{"index":"index","follow":"follow","max-snippet":"max-snippet:-1","max-image-preview":"max-image-preview:large","max-video-preview":"max-video-preview:-1"},"canonical":"https:\/\/ifarming.ai\/es\/profe-campus-virtual\/","og_locale":"es_ES","og_type":"article","og_title":"Profe Campus Virtual - IFarming","og_description":"Empower Learning in Your Company Profe Campus Virtual is the ideal solution for companies looking to enhance their learning and development management. Our platform offers an intuitive, flexible, and fully customizable user experience designed to meet the specific needs of your organization. Through a robust and dynamic LMS system, we facilitate employee onboarding, continuous training, [&hellip;]","og_url":"https:\/\/ifarming.ai\/es\/profe-campus-virtual\/","og_site_name":"IFarming","article_modified_time":"2024-08-30T23:01:39+00:00","twitter_card":"summary_large_image","twitter_misc":{"Tiempo de lectura":"3 minutos"},"schema":{"@context":"https:\/\/schema.org","@graph":[{"@type":"WebPage","@id":"https:\/\/ifarming.ai\/profe-campus-virtual\/","url":"https:\/\/ifarming.ai\/profe-campus-virtual\/","name":"Profe Campus Virtual - IFarming","isPartOf":{"@id":"https:\/\/ifarming.ai\/#website"},"datePublished":"2024-08-29T16:07:50+00:00","dateModified":"2024-08-30T23:01:39+00:00","breadcrumb":{"@id":"https:\/\/ifarming.ai\/profe-campus-virtual\/#breadcrumb"},"inLanguage":"es","potentialAction":[{"@type":"ReadAction","target":["https:\/\/ifarming.ai\/profe-campus-virtual\/"]}]},{"@type":"BreadcrumbList","@id":"https:\/\/ifarming.ai\/profe-campus-virtual\/#breadcrumb","itemListElement":[{"@type":"ListItem","position":1,"name":"Home","item":"https:\/\/ifarming.ai\/"},{"@type":"ListItem","position":2,"name":"Profe Campus Virtual"}]},{"@type":"WebSite","@id":"https:\/\/ifarming.ai\/#website","url":"https:\/\/ifarming.ai\/","name":"IFarming","description":"Providing a Complete Suite of Solutions","potentialAction":[{"@type":"SearchAction","target":{"@type":"EntryPoint","urlTemplate":"https:\/\/ifarming.ai\/?s={search_term_string}"},"query-input":{"@type":"PropertyValueSpecification","valueRequired":true,"valueName":"search_term_string"}}],"inLanguage":"es"}]}},"_links":{"self":[{"href":"https:\/\/ifarming.ai\/es\/wp-json\/wp\/v2\/pages\/3290","targetHints":{"allow":["GET"]}}],"collection":[{"href":"https:\/\/ifarming.ai\/es\/wp-json\/wp\/v2\/pages"}],"about":[{"href":"https:\/\/ifarming.ai\/es\/wp-json\/wp\/v2\/types\/page"}],"author":[{"embeddable":true,"href":"https:\/\/ifarming.ai\/es\/wp-json\/wp\/v2\/users\/2"}],"replies":[{"embeddable":true,"href":"https:\/\/ifarming.ai\/es\/wp-json\/wp\/v2\/comments?post=3290"}],"version-history":[{"count":65,"href":"https:\/\/ifarming.ai\/es\/wp-json\/wp\/v2\/pages\/3290\/revisions"}],"predecessor-version":[{"id":3408,"href":"https:\/\/ifarming.ai\/es\/wp-json\/wp\/v2\/pages\/3290\/revisions\/3408"}],"wp:attachment":[{"href":"https:\/\/ifarming.ai\/es\/wp-json\/wp\/v2\/media?parent=3290"}],"curies":[{"name":"wp","href":"https:\/\/api.w.org\/{rel}","templated":true}]}}