{"id":2826,"date":"2023-10-31T11:27:22","date_gmt":"2023-10-31T14:27:22","guid":{"rendered":"https:\/\/ifarming.ai\/?page_id=2826"},"modified":"2023-10-31T15:51:19","modified_gmt":"2023-10-31T18:51:19","slug":"company","status":"publish","type":"page","link":"https:\/\/ifarming.ai\/es\/company\/","title":{"rendered":"Formulario preinscripci\u00f3n curso para Empresas"},"content":{"rendered":"<div class=\"compania\">\n\n<div class=\"wpcf7 no-js\" id=\"wpcf7-f2823-o1\" lang=\"en-US\" dir=\"ltr\" data-wpcf7-id=\"2823\">\n<div class=\"screen-reader-response\"><p role=\"status\" aria-live=\"polite\" aria-atomic=\"true\"><\/p> <ul><\/ul><\/div>\n<form action=\"\/es\/wp-json\/wp\/v2\/pages\/2826#wpcf7-f2823-o1\" method=\"post\" class=\"wpcf7-form init\" aria-label=\"Contact form\" novalidate=\"novalidate\" data-status=\"init\" data-trp-original-action=\"\/es\/wp-json\/wp\/v2\/pages\/2826#wpcf7-f2823-o1\">\n<div style=\"display: none;\">\n<input type=\"hidden\" name=\"_wpcf7\" value=\"2823\" \/>\n<input type=\"hidden\" name=\"_wpcf7_version\" value=\"6.0.6\" \/>\n<input type=\"hidden\" name=\"_wpcf7_locale\" value=\"en_US\" \/>\n<input type=\"hidden\" name=\"_wpcf7_unit_tag\" value=\"wpcf7-f2823-o1\" \/>\n<input type=\"hidden\" name=\"_wpcf7_container_post\" value=\"0\" \/>\n<input type=\"hidden\" name=\"_wpcf7_posted_data_hash\" value=\"\" \/>\n<input type=\"hidden\" name=\"_wpcf7_recaptcha_response\" value=\"\" \/>\n<\/div>\n<h3>INFORMACI\u00d3N DE LA EMPRESA:\n<\/h3>\n<p><label> Nombre de la empresa<br \/>\n<span class=\"wpcf7-form-control-wrap\" data-name=\"nombre-empresa\"><input size=\"40\" maxlength=\"400\" class=\"wpcf7-form-control wpcf7-text wpcf7-validates-as-required\" aria-required=\"true\" aria-invalid=\"false\" value=\"\" type=\"text\" name=\"nombre-empresa\" \/><\/span> <\/label><br \/>\n<label> Raz\u00f3n Social<br \/>\n<span class=\"wpcf7-form-control-wrap\" data-name=\"razon-social\"><input size=\"40\" maxlength=\"400\" class=\"wpcf7-form-control wpcf7-text wpcf7-validates-as-required\" aria-required=\"true\" aria-invalid=\"false\" value=\"\" type=\"text\" name=\"razon-social\" \/><\/span> <\/label><br \/>\n<label> R.U.T.<br \/>\n<span class=\"wpcf7-form-control-wrap\" data-name=\"rut\"><input size=\"40\" maxlength=\"400\" class=\"wpcf7-form-control wpcf7-text wpcf7-validates-as-required\" aria-required=\"true\" aria-invalid=\"false\" value=\"\" type=\"text\" name=\"rut\" \/><\/span> <\/label><br \/>\n<label>Giro o actividad econ\u00f3mica:<br \/>\n<span class=\"wpcf7-form-control-wrap\" data-name=\"giro\"><input size=\"40\" maxlength=\"400\" class=\"wpcf7-form-control wpcf7-text wpcf7-validates-as-required\" aria-required=\"true\" aria-invalid=\"false\" value=\"\" type=\"text\" name=\"giro\" \/><\/span> <\/label><br \/>\n<label>Direcci\u00f3n:<br \/>\n<span class=\"wpcf7-form-control-wrap\" data-name=\"direccion\"><input size=\"40\" maxlength=\"400\" class=\"wpcf7-form-control wpcf7-text wpcf7-validates-as-required\" aria-required=\"true\" aria-invalid=\"false\" value=\"\" type=\"text\" name=\"direccion\" \/><\/span> <\/label><br \/>\n<label>Comuna:<br \/>\n<span class=\"wpcf7-form-control-wrap\" data-name=\"comuna\"><input size=\"40\" maxlength=\"400\" class=\"wpcf7-form-control wpcf7-text wpcf7-validates-as-required\" aria-required=\"true\" aria-invalid=\"false\" value=\"\" type=\"text\" name=\"comuna\" \/><\/span> <\/label><br \/>\n<label>Ciudad:<br \/>\n<span class=\"wpcf7-form-control-wrap\" data-name=\"ciudad\"><input size=\"40\" maxlength=\"400\" class=\"wpcf7-form-control wpcf7-text wpcf7-validates-as-required\" aria-required=\"true\" aria-invalid=\"false\" value=\"\" type=\"text\" name=\"ciudad\" \/><\/span> <\/label><br \/>\n<label>Estado\/Provincia\/Regi\u00f3n:<br \/>\n<span class=\"wpcf7-form-control-wrap\" data-name=\"region\"><input size=\"40\" maxlength=\"400\" class=\"wpcf7-form-control wpcf7-text wpcf7-validates-as-required\" aria-required=\"true\" aria-invalid=\"false\" value=\"\" type=\"text\" name=\"region\" \/><\/span> <\/label><br \/>\n<label>C\u00f3digo Postal:<br \/>\n<span class=\"wpcf7-form-control-wrap\" data-name=\"postal\"><input size=\"40\" maxlength=\"400\" class=\"wpcf7-form-control wpcf7-text wpcf7-validates-as-required\" aria-required=\"true\" aria-invalid=\"false\" value=\"\" type=\"text\" name=\"postal\" \/><\/span> <\/label><br \/>\n<label>Pa\u00eds:<br \/>\n<span class=\"wpcf7-form-control-wrap\" data-name=\"pais\"><input size=\"40\" maxlength=\"400\" class=\"wpcf7-form-control wpcf7-text wpcf7-validates-as-required\" aria-required=\"true\" aria-invalid=\"false\" value=\"\" type=\"text\" name=\"pais\" \/><\/span> <\/label>\n<\/p>\n<h3>INFORMACI\u00d3N DE CONTACTO:\n<\/h3>\n<p><label> Nombre completo<br \/>\n<span class=\"wpcf7-form-control-wrap\" data-name=\"nombre\"><input size=\"40\" maxlength=\"400\" class=\"wpcf7-form-control wpcf7-text wpcf7-validates-as-required\" autocomplete=\"name\" aria-required=\"true\" aria-invalid=\"false\" value=\"\" type=\"text\" name=\"nombre\" \/><\/span> <\/label><br \/>\n<label>Cargo:<br \/>\n<span class=\"wpcf7-form-control-wrap\" data-name=\"cargo\"><input size=\"40\" maxlength=\"400\" class=\"wpcf7-form-control wpcf7-text wpcf7-validates-as-required\" aria-required=\"true\" aria-invalid=\"false\" value=\"\" type=\"text\" name=\"cargo\" \/><\/span> <\/label><br \/>\n<label> Correo electr\u00f3nico<br \/>\n<span class=\"wpcf7-form-control-wrap\" data-name=\"email\"><input size=\"40\" maxlength=\"400\" class=\"wpcf7-form-control wpcf7-email wpcf7-validates-as-required wpcf7-text wpcf7-validates-as-email\" autocomplete=\"email\" aria-required=\"true\" aria-invalid=\"false\" value=\"\" type=\"email\" name=\"email\" \/><\/span> <\/label><br \/>\n<label> Tel\u00e9fono<br \/>\n<span class=\"wpcf7-form-control-wrap\" data-name=\"telefono\"><input size=\"40\" maxlength=\"400\" class=\"wpcf7-form-control wpcf7-tel wpcf7-validates-as-required wpcf7-text wpcf7-validates-as-tel\" autocomplete=\"tel\" aria-required=\"true\" aria-invalid=\"false\" value=\"\" type=\"tel\" name=\"telefono\" \/><\/span> <\/label>\n<\/p>\n<h3>DETALLES DEL PROGRAMA:\n<\/h3>\n<p><label> N\u00famero de Empleados que se inscribir\u00e1n en la(s) opci\u00f3n(es) de estudio seleccionadas: <\/label>\n<\/p>\n<div class=\"empleados\">\n\t<p><label>Programa completo: <span class=\"wpcf7-form-control-wrap\" data-name=\"n-programa-completo\"><input size=\"40\" maxlength=\"400\" class=\"wpcf7-form-control wpcf7-text wpcf7-validates-as-required\" aria-required=\"true\" aria-invalid=\"false\" value=\"\" type=\"text\" name=\"n-programa-completo\" \/><\/span> <\/label><br \/>\n<label>Curso 1: <span class=\"wpcf7-form-control-wrap\" data-name=\"n-curso1\"><input size=\"40\" maxlength=\"400\" class=\"wpcf7-form-control wpcf7-text wpcf7-validates-as-required\" aria-required=\"true\" aria-invalid=\"false\" value=\"\" type=\"text\" name=\"n-curso1\" \/><\/span> <\/label><br \/>\n<label>Curso 2: <span class=\"wpcf7-form-control-wrap\" data-name=\"n-curso2\"><input size=\"40\" maxlength=\"400\" class=\"wpcf7-form-control wpcf7-text wpcf7-validates-as-required\" aria-required=\"true\" aria-invalid=\"false\" value=\"\" type=\"text\" name=\"n-curso2\" \/><\/span> <\/label>\n\t<\/p>\n<\/div>\n<p><label> \u00bfLa empresa cubrir\u00e1 los costos de matr\u00edcula para los empleados? (S\u00ed\/No)<br \/>\n<span class=\"wpcf7-form-control-wrap\" data-name=\"empresa-paga\"><span class=\"wpcf7-form-control wpcf7-checkbox wpcf7-validates-as-required\"><span class=\"wpcf7-list-item first\"><label><input type=\"checkbox\" name=\"empresa-paga[]\" value=\"S\u00ed\" checked=\"checked\" \/><span class=\"wpcf7-list-item-label\">S\u00ed<\/span><\/label><\/span><span class=\"wpcf7-list-item last\"><label><input type=\"checkbox\" name=\"empresa-paga[]\" value=\"No\" \/><span class=\"wpcf7-list-item-label\">No<\/span><\/label><\/span><\/span><\/span> <\/label>\n<\/p>\n<h3>INFORMACI\u00d3N DE LOS MATRICULADOS:\n<\/h3>\n<div data-wpcf7-group-id=\"matriculados\" id=\"matriculados\" class=\"wpcf7-field-groups\">\n\t<div class=\"wpcf7-field-group\">\n\t\t<p><label> Nombre completo<br \/>\n<span class=\"wpcf7-form-control-wrap\" data-name=\"nombre_matriculado\"><input size=\"40\" maxlength=\"400\" class=\"wpcf7-form-control wpcf7-text wpcf7-validates-as-required\" aria-required=\"true\" aria-invalid=\"false\" value=\"\" type=\"text\" name=\"nombre_matriculado\" \/><\/span> <\/label><br \/>\n<label> Cargo<br \/>\n<span class=\"wpcf7-form-control-wrap\" data-name=\"cargo_matriculado\"><input size=\"40\" maxlength=\"400\" class=\"wpcf7-form-control wpcf7-text wpcf7-validates-as-required\" aria-required=\"true\" aria-invalid=\"false\" value=\"\" type=\"text\" name=\"cargo_matriculado\" \/><\/span> <\/label><br \/>\n<label> Correo electr\u00f3nico<br \/>\n<span class=\"wpcf7-form-control-wrap\" data-name=\"email_matriculado\"><input size=\"40\" maxlength=\"400\" class=\"wpcf7-form-control wpcf7-email wpcf7-validates-as-required wpcf7-text wpcf7-validates-as-email\" aria-required=\"true\" aria-invalid=\"false\" value=\"\" type=\"email\" name=\"email_matriculado\" \/><\/span> <\/label><br \/>\n<label> Tel\u00e9fono<br \/>\n<span class=\"wpcf7-form-control-wrap\" data-name=\"telefono_matriculado\"><input size=\"40\" maxlength=\"400\" class=\"wpcf7-form-control wpcf7-tel wpcf7-validates-as-required wpcf7-text wpcf7-validates-as-tel\" aria-required=\"true\" aria-invalid=\"false\" value=\"\" type=\"tel\" name=\"telefono_matriculado\" \/><\/span> <\/label><br \/>\n<label> R.U.T.<br \/>\n<span class=\"wpcf7-form-control-wrap\" data-name=\"rut_matriculado\"><input size=\"40\" maxlength=\"400\" class=\"wpcf7-form-control wpcf7-text wpcf7-validates-as-required\" aria-required=\"true\" aria-invalid=\"false\" value=\"\" type=\"text\" name=\"rut_matriculado\" \/><\/span> <\/label><br \/>\n<label> \u00bfEn que opci\u00f3n de estudio(s) se inscribe?<br \/>\n<span class=\"wpcf7-form-control-wrap\" data-name=\"opcion-plan\"><span class=\"wpcf7-form-control wpcf7-radio\"><span class=\"wpcf7-list-item first\"><label><input type=\"radio\" name=\"opcion-plan\" value=\"Programa completo\" checked=\"checked\" \/><span class=\"wpcf7-list-item-label\">Programa completo<\/span><\/label><\/span><span class=\"wpcf7-list-item\"><label><input type=\"radio\" name=\"opcion-plan\" value=\"Curso 1\" \/><span class=\"wpcf7-list-item-label\">Curso 1<\/span><\/label><\/span><span class=\"wpcf7-list-item last\"><label><input type=\"radio\" name=\"opcion-plan\" value=\"Curso 2\" \/><span class=\"wpcf7-list-item-label\">Curso 2<\/span><\/label><\/span><\/span><\/span> <\/label><br \/>\n<button type='button' class='wpcf7-field-group-remove'>-<\/button><button type='button' class='wpcf7-field-group-add'>+<\/button><input type=\"hidden\" class=\"wpcf7-field-group-count\" name=\"_wpcf7_groups_count[matriculados]\" value=\"1\" \/>\n\t\t<\/p>\n\t<\/div>\n<\/div>\n<h3>COMENTARIOS O PREGUNTAS ADICIONALES:\n<\/h3>\n<p><label> Si tienes alg\u00fan comentario o pregunta, escr\u00edbelo aqu\u00ed (opcional)<br \/>\n<span class=\"wpcf7-form-control-wrap\" data-name=\"your-message\"><textarea cols=\"40\" rows=\"10\" maxlength=\"2000\" class=\"wpcf7-form-control wpcf7-textarea\" aria-invalid=\"false\" name=\"your-message\"><\/textarea><\/span> <\/label>\n<\/p>\n<h3>ACEPTACI\u00d3N DE T\u00c9RMINOS Y CONDICIONES:\n<\/h3>\n<p>Al enviar este formulario, la empresa y sus empleados aceptan los T\u00e9rminos y Condiciones del Programa de \"Nutrici\u00f3n Aplicada a los Peces\" proporcionados por GIS SpA. Tambi\u00e9n se comprometen a cumplir con los requisitos y pol\u00edticas del programa.\n<\/p>\n<p><input class=\"wpcf7-form-control wpcf7-submit has-spinner\" type=\"submit\" value=\"Enviar solicitud\" \/>\n<\/p><p style=\"display: none !important;\" class=\"akismet-fields-container\" data-prefix=\"_wpcf7_ak_\"><label>&#916;<textarea name=\"_wpcf7_ak_hp_textarea\" cols=\"45\" rows=\"8\" maxlength=\"100\"><\/textarea><\/label><input type=\"hidden\" id=\"ak_js_1\" name=\"_wpcf7_ak_js\" value=\"161\"\/><script>document.getElementById( \"ak_js_1\" ).setAttribute( \"value\", ( new Date() ).getTime() );<\/script><\/p><div class=\"wpcf7-response-output\" aria-hidden=\"true\"><\/div>\n<input type=\"hidden\" name=\"trp-form-language\" value=\"es\"\/><\/form>\n<\/div>\n<\/div>","protected":false},"excerpt":{"rendered":"","protected":false},"author":1,"featured_media":0,"parent":0,"menu_order":0,"comment_status":"closed","ping_status":"closed","template":"","meta":{"_acf_changed":false,"_et_pb_use_builder":"","_et_pb_old_content":"","_et_gb_content_width":"","footnotes":""},"class_list":["post-2826","page","type-page","status-publish","hentry"],"acf":[],"yoast_head":"<!-- This site is optimized with the Yoast SEO plugin v25.0 - https:\/\/yoast.com\/wordpress\/plugins\/seo\/ -->\n<title>Formulario preinscripci\u00f3n curso para Empresas - IFarming<\/title>\n<meta name=\"robots\" content=\"index, follow, max-snippet:-1, max-image-preview:large, max-video-preview:-1\" \/>\n<link rel=\"canonical\" href=\"https:\/\/ifarming.ai\/es\/company\/\" \/>\n<meta property=\"og:locale\" content=\"es_ES\" \/>\n<meta property=\"og:type\" content=\"article\" \/>\n<meta property=\"og:title\" content=\"Formulario preinscripci\u00f3n curso para Empresas - IFarming\" \/>\n<meta property=\"og:url\" content=\"https:\/\/ifarming.ai\/es\/company\/\" \/>\n<meta property=\"og:site_name\" content=\"IFarming\" \/>\n<meta property=\"article:modified_time\" content=\"2023-10-31T18:51:19+00:00\" \/>\n<meta name=\"twitter:card\" content=\"summary_large_image\" \/>\n<meta name=\"twitter:label1\" content=\"Tiempo de lectura\" \/>\n\t<meta name=\"twitter:data1\" content=\"1 minuto\" \/>\n<script type=\"application\/ld+json\" class=\"yoast-schema-graph\">{\"@context\":\"https:\/\/schema.org\",\"@graph\":[{\"@type\":\"WebPage\",\"@id\":\"https:\/\/ifarming.ai\/company\/\",\"url\":\"https:\/\/ifarming.ai\/company\/\",\"name\":\"Formulario preinscripci\u00f3n curso para Empresas - IFarming\",\"isPartOf\":{\"@id\":\"https:\/\/ifarming.ai\/#website\"},\"datePublished\":\"2023-10-31T14:27:22+00:00\",\"dateModified\":\"2023-10-31T18:51:19+00:00\",\"breadcrumb\":{\"@id\":\"https:\/\/ifarming.ai\/company\/#breadcrumb\"},\"inLanguage\":\"es\",\"potentialAction\":[{\"@type\":\"ReadAction\",\"target\":[\"https:\/\/ifarming.ai\/company\/\"]}]},{\"@type\":\"BreadcrumbList\",\"@id\":\"https:\/\/ifarming.ai\/company\/#breadcrumb\",\"itemListElement\":[{\"@type\":\"ListItem\",\"position\":1,\"name\":\"Home\",\"item\":\"https:\/\/ifarming.ai\/\"},{\"@type\":\"ListItem\",\"position\":2,\"name\":\"Formulario preinscripci\u00f3n curso para Empresas\"}]},{\"@type\":\"WebSite\",\"@id\":\"https:\/\/ifarming.ai\/#website\",\"url\":\"https:\/\/ifarming.ai\/\",\"name\":\"IFarming\",\"description\":\"Providing a Complete Suite of Solutions\",\"potentialAction\":[{\"@type\":\"SearchAction\",\"target\":{\"@type\":\"EntryPoint\",\"urlTemplate\":\"https:\/\/ifarming.ai\/?s={search_term_string}\"},\"query-input\":{\"@type\":\"PropertyValueSpecification\",\"valueRequired\":true,\"valueName\":\"search_term_string\"}}],\"inLanguage\":\"es\"}]}<\/script>\n<!-- \/ Yoast SEO plugin. -->","yoast_head_json":{"title":"Formulario preinscripci\u00f3n curso para Empresas - IFarming","robots":{"index":"index","follow":"follow","max-snippet":"max-snippet:-1","max-image-preview":"max-image-preview:large","max-video-preview":"max-video-preview:-1"},"canonical":"https:\/\/ifarming.ai\/es\/company\/","og_locale":"es_ES","og_type":"article","og_title":"Formulario preinscripci\u00f3n curso para Empresas - IFarming","og_url":"https:\/\/ifarming.ai\/es\/company\/","og_site_name":"IFarming","article_modified_time":"2023-10-31T18:51:19+00:00","twitter_card":"summary_large_image","twitter_misc":{"Tiempo de lectura":"1 minuto"},"schema":{"@context":"https:\/\/schema.org","@graph":[{"@type":"WebPage","@id":"https:\/\/ifarming.ai\/company\/","url":"https:\/\/ifarming.ai\/company\/","name":"Formulario preinscripci\u00f3n curso para Empresas - IFarming","isPartOf":{"@id":"https:\/\/ifarming.ai\/#website"},"datePublished":"2023-10-31T14:27:22+00:00","dateModified":"2023-10-31T18:51:19+00:00","breadcrumb":{"@id":"https:\/\/ifarming.ai\/company\/#breadcrumb"},"inLanguage":"es","potentialAction":[{"@type":"ReadAction","target":["https:\/\/ifarming.ai\/company\/"]}]},{"@type":"BreadcrumbList","@id":"https:\/\/ifarming.ai\/company\/#breadcrumb","itemListElement":[{"@type":"ListItem","position":1,"name":"Home","item":"https:\/\/ifarming.ai\/"},{"@type":"ListItem","position":2,"name":"Formulario preinscripci\u00f3n curso para Empresas"}]},{"@type":"WebSite","@id":"https:\/\/ifarming.ai\/#website","url":"https:\/\/ifarming.ai\/","name":"IFarming","description":"Providing a Complete Suite of Solutions","potentialAction":[{"@type":"SearchAction","target":{"@type":"EntryPoint","urlTemplate":"https:\/\/ifarming.ai\/?s={search_term_string}"},"query-input":{"@type":"PropertyValueSpecification","valueRequired":true,"valueName":"search_term_string"}}],"inLanguage":"es"}]}},"_links":{"self":[{"href":"https:\/\/ifarming.ai\/es\/wp-json\/wp\/v2\/pages\/2826","targetHints":{"allow":["GET"]}}],"collection":[{"href":"https:\/\/ifarming.ai\/es\/wp-json\/wp\/v2\/pages"}],"about":[{"href":"https:\/\/ifarming.ai\/es\/wp-json\/wp\/v2\/types\/page"}],"author":[{"embeddable":true,"href":"https:\/\/ifarming.ai\/es\/wp-json\/wp\/v2\/users\/1"}],"replies":[{"embeddable":true,"href":"https:\/\/ifarming.ai\/es\/wp-json\/wp\/v2\/comments?post=2826"}],"version-history":[{"count":0,"href":"https:\/\/ifarming.ai\/es\/wp-json\/wp\/v2\/pages\/2826\/revisions"}],"wp:attachment":[{"href":"https:\/\/ifarming.ai\/es\/wp-json\/wp\/v2\/media?parent=2826"}],"curies":[{"name":"wp","href":"https:\/\/api.w.org\/{rel}","templated":true}]}}