{"id":2613,"date":"2023-09-08T11:34:33","date_gmt":"2023-09-08T14:34:33","guid":{"rendered":"https:\/\/ifarming.ai\/?page_id=2613"},"modified":"2023-09-08T15:22:28","modified_gmt":"2023-09-08T18:22:28","slug":"cookie-policy","status":"publish","type":"page","link":"https:\/\/ifarming.ai\/es\/cookie-policy\/","title":{"rendered":"IFarming\u00b4s Cookie Policy"},"content":{"rendered":"<p>[et_pb_section fb_built=&#8221;1&#8243; _builder_version=&#8221;4.16&#8243; _module_preset=&#8221;default&#8221; background_color=&#8221;#f0f9f9&#8243; background_enable_image=&#8221;off&#8221; parallax=&#8221;on&#8221; custom_margin_last_edited=&#8221;off|desktop&#8221; custom_padding=&#8221;2px||0px|||&#8221; global_colors_info=&#8221;{}&#8221;][et_pb_row _builder_version=&#8221;4.20.2&#8243; _module_preset=&#8221;default&#8221; custom_padding=&#8221;46px|||||&#8221; global_colors_info=&#8221;{}&#8221;][et_pb_column type=&#8221;4_4&#8243; _builder_version=&#8221;4.16&#8243; _module_preset=&#8221;default&#8221; global_colors_info=&#8221;{}&#8221;][et_pb_text _builder_version=&#8221;4.20.2&#8243; _module_preset=&#8221;default&#8221; header_2_font=&#8221;|700||on|||||&#8221; header_2_text_align=&#8221;left&#8221; header_2_text_color=&#8221;#38B5B5&#8243; custom_margin=&#8221;||0px|||&#8221; global_colors_info=&#8221;{}&#8221;]<\/p>\n<h2>Pol\u00edticas de Cookies\u00a0<\/h2>\n<p>[\/et_pb_text][et_pb_divider divider_weight=&#8221;4px&#8221; _builder_version=&#8221;4.16&#8243; _module_preset=&#8221;default&#8221; width=&#8221;200px&#8221; module_alignment=&#8221;left&#8221; custom_margin=&#8221;||-1px|||&#8221; global_colors_info=&#8221;{}&#8221;][\/et_pb_divider][et_pb_text _builder_version=&#8221;4.20.2&#8243; _module_preset=&#8221;default&#8221; ul_font=&#8221;||||||||&#8221; ol_font=&#8221;|700|||||||&#8221; header_2_font=&#8221;|700||on|||||&#8221; header_2_text_align=&#8221;center&#8221; max_width=&#8221;100%&#8221; module_alignment=&#8221;center&#8221; custom_margin=&#8221;||0px|||&#8221; hover_enabled=&#8221;0&#8243; global_colors_info=&#8221;{}&#8221; sticky_enabled=&#8221;0&#8243;]<\/p>\n<p style=\"text-align: justify;\">Esta Pol\u00edtica de Cookies se aplica a www.ifarming.ai, www.ifarming.cl, www.app.ifarming.ai y www.campus-online.ifarming.ai (conjuntamente, \"Sitio web\"), que son operados por Global Integrated Solutions Chile SpA o en su nombre, <span>con domicilio en Agustinas 815, Departamento 906, comuna de Santiago, Santiago de Chile.\u00a0<\/span><\/p>\n<p style=\"text-align: justify;\">Cuando utilice un dispositivo m\u00f3vil para conectarse a Internet, tambi\u00e9n debe consultar el aviso de privacidad de la aplicaci\u00f3n espec\u00edfica que est\u00e9 utilizando para comprender sus pr\u00e1cticas de recopilaci\u00f3n de datos espec\u00edficas.<\/p>\n<h2 style=\"text-align: justify;\"><strong>\u00bfQu\u00e9 son las cookies?<\/strong><\/h2>\n<p style=\"text-align: justify;\">Como es pr\u00e1ctica com\u00fan en casi todos los sitios web profesionales, este sitio utiliza cookies, que son archivos peque\u00f1os que se descargan en su computadora para mejorar su experiencia. Esta p\u00e1gina describe qu\u00e9 informaci\u00f3n recopilan, c\u00f3mo la utilizamos y por qu\u00e9 a veces necesitamos almacenar estas cookies. Tambi\u00e9n compartiremos c\u00f3mo puede evitar que se almacenen estas cookies, aunque esto puede afectar o \"romper\" ciertos elementos de la funcionalidad del sitio.<\/p>\n<h2 style=\"text-align: justify;\"><strong>C\u00f3mo utilizamos las cookies<\/strong><\/h2>\n<p style=\"text-align: justify;\">Utilizamos cookies para comprender mejor c\u00f3mo los visitantes y usuarios utilizan nuestro sitio web y por diversas razones que se detallan a continuaci\u00f3n. Desafortunadamente, en la mayor\u00eda de los casos, no hay opciones est\u00e1ndar de la industria para desactivar las cookies sin deshabilitar por completo la funcionalidad y las caracter\u00edsticas que agregan a este sitio.<\/p>\n<h2 style=\"text-align: justify;\">Las cookies que configuramos<\/h2>\n<p style=\"text-align: justify;\">Se utilizan los siguientes tipos de cookies en los sitios web de IFarming.<\/p>\n<p style=\"text-align: justify;\"><strong>Duraci\u00f3n:<\/strong><\/p>\n<ul>\n<li style=\"text-align: justify;\"><strong>Cookies de sesi\u00f3n:<\/strong> Estos son archivos temporales de cookies que se borran cuando cierras tu navegador. Cuando reinicies tu navegador y regreses al sitio web que cre\u00f3 esa cookie, el sitio web te tratar\u00e1 como un nuevo visitante.<\/li>\n<li style=\"text-align: justify;\"><strong>Cookies persistentes:<\/strong> Estas son todas las cookies que permanecen en tu disco duro hasta que las borres o tu navegador lo haga, dependiendo de la fecha de vencimiento de la cookie. Todas las cookies persistentes tienen una fecha de vencimiento escrita en su c\u00f3digo, pero su duraci\u00f3n puede variar.<\/li>\n<\/ul>\n<p style=\"text-align: justify;\"><strong>Procedencia: <\/strong><\/p>\n<ul>\n<li style=\"text-align: justify;\"><strong>Cookies propias:<\/strong> Como su nombre indica, las cookies propias se colocan en tu dispositivo directamente por el propietario del sitio web que est\u00e1s visitando.<\/li>\n<li style=\"text-align: justify;\"><strong>Cookies de terceros:<\/strong> Estas son las cookies que se colocan en tu dispositivo, no por el propietario del sitio web que est\u00e1s visitando, sino por un tercero como un anunciante o un sistema de an\u00e1lisis.<\/li>\n<\/ul>\n<p style=\"text-align: justify;\"><strong>Prop\u00f3sito:<\/strong><\/p>\n<ul>\n<li style=\"text-align: justify;\"><strong>Cookies estrictamente necesarias:<\/strong> Estas cookies son esenciales para que puedas navegar por el sitio web y utilizar sus funciones, como acceder a \u00e1reas seguras del sitio. Las cookies que permiten a las tiendas en l\u00ednea mantener tus productos en el carrito mientras compras en l\u00ednea son un ejemplo de cookies estrictamente necesarias. Estas cookies suelen ser cookies propias de sesi\u00f3n.<\/li>\n<li style=\"text-align: justify;\"><strong>Cookies de preferencias:<\/strong> Tambi\u00e9n conocidas como \"cookies de funcionalidad\", estas cookies permiten que un sitio web recuerde las elecciones que has hecho en el pasado, como el idioma que prefieres, la regi\u00f3n para la que deseas informes meteorol\u00f3gicos o tu nombre de usuario y contrase\u00f1a para que puedas iniciar sesi\u00f3n autom\u00e1ticamente.<\/li>\n<li style=\"text-align: justify;\"><strong>Cookies de estad\u00edsticas:<\/strong> Tambi\u00e9n conocidas como \"cookies de rendimiento\", estas cookies recopilan informaci\u00f3n sobre c\u00f3mo utilizas un sitio web, como qu\u00e9 p\u00e1ginas visitaste y enlaces en los que hiciste clic. Ninguna de esta informaci\u00f3n puede utilizarse para identificarte. Todo se agrega y, por lo tanto, se anonimiza. Su \u00fanico prop\u00f3sito es mejorar las funciones del sitio web. Esto incluye cookies de servicios de an\u00e1lisis de terceros siempre que las cookies sean de uso exclusivo del propietario del sitio web visitado.<\/li>\n<\/ul>\n<table border=\"1\" style=\"height: 240px; width: 100%; border-collapse: collapse; border-style: solid;\">\n<tbody>\n<tr style=\"height: 24px;\">\n<td style=\"width: 238.891px; height: 24px;\"><strong>Clave de la cookie<\/strong><\/td>\n<td style=\"width: 159.625px; height: 24px;\"><strong>Duraci\u00f3n<\/strong><\/td>\n<td style=\"width: 167.688px; height: 24px;\"><strong>Dominio<\/strong><\/td>\n<td style=\"width: 162.938px; height: 24px;\"><strong>Procedencia<\/strong><\/td>\n<td style=\"width: 163.234px; height: 24px;\"><strong>Descripci\u00f3n<\/strong><\/td>\n<td style=\"width: 160.625px; height: 24px;\"><strong>Tipo<\/strong><\/td>\n<\/tr>\n<tr style=\"height: 24px;\">\n<td style=\"width: 238.891px; height: 24px;\"><strong>PHPSESSID<\/strong><\/td>\n<td style=\"width: 159.625px; height: 24px;\">Sesi\u00f3n<\/td>\n<td style=\"width: 167.688px; height: 24px;\">.ifarming.ai<\/td>\n<td style=\"width: 162.938px; height: 24px;\">Propia<\/td>\n<td style=\"width: 163.234px; height: 24px;\">Esta cookie es nativa de las aplicaciones PHP. La cookie almacena e identifica la ID de sesi\u00f3n \u00fanica del usuario para gestionar las sesiones de usuario en el sitio web. Esta cookie es una cookie de sesi\u00f3n y se eliminar\u00e1 cuando se cierren todas las ventanas del navegador.<\/td>\n<td style=\"width: 160.625px; height: 24px;\">Estrictamente necesaria<\/td>\n<\/tr>\n<tr style=\"height: 24px;\">\n<td style=\"width: 238.891px; height: 24px;\"><strong>_ga_DL81L2QM70<\/strong><\/td>\n<td style=\"width: 159.625px; height: 24px;\">1 a\u00f1o 1 mes 4 d\u00edas<\/td>\n<td style=\"width: 167.688px; height: 24px;\">.ifarming.ai<\/td>\n<td style=\"width: 162.938px; height: 24px;\">Propia<\/td>\n<td style=\"width: 163.234px; height: 24px;\"><a href=\"https:\/\/developers.google.com\/analytics\/devguides\/collection\/analyticsjs\/cookie-usage\">Google Analytics<\/a> \u2013 Utilizada para persistir el estado de la sesi\u00f3n.<\/td>\n<td style=\"width: 160.625px; height: 24px;\">Estad\u00edsticas<\/td>\n<\/tr>\n<tr style=\"height: 24px;\">\n<td style=\"width: 238.891px; height: 24px;\"><strong>_ga_PCRB55XWZJ<\/strong><\/td>\n<td style=\"width: 159.625px; height: 24px;\">1 a\u00f1o 1 mes 4 d\u00edas<\/td>\n<td style=\"width: 167.688px; height: 24px;\">.ifarming.ai<\/td>\n<td style=\"width: 162.938px; height: 24px;\">Propia<\/td>\n<td style=\"width: 163.234px; height: 24px;\"><a href=\"https:\/\/developers.google.com\/analytics\/devguides\/collection\/analyticsjs\/cookie-usage\">Google Analytics<\/a> \u2013 Utilizada para persistir el estado de la sesi\u00f3n.<\/td>\n<td style=\"width: 160.625px; height: 24px;\">Estad\u00edsticas<\/td>\n<\/tr>\n<tr style=\"height: 24px;\">\n<td style=\"width: 238.891px; height: 24px;\"><strong>_ga<\/strong><\/td>\n<td style=\"width: 159.625px; height: 24px;\">1 a\u00f1o 1 mes 4 d\u00edas<\/td>\n<td style=\"width: 167.688px; height: 24px;\">.ifarming.ai<\/td>\n<td style=\"width: 162.938px; height: 24px;\">Propia<\/td>\n<td style=\"width: 163.234px; height: 24px;\"><a href=\"https:\/\/developers.google.com\/analytics\/devguides\/collection\/analyticsjs\/cookie-usage\">Google Analytics<\/a> \u2013 Utilizada para distinguir usuarios \u00fanicos asignando un n\u00famero generado aleatoriamente como identificador de cliente. Se incluye en cada solicitud de p\u00e1gina en un sitio y se utiliza para calcular datos de visitantes, sesiones y campa\u00f1as para los informes de an\u00e1lisis del sitio.<\/td>\n<td style=\"width: 160.625px; height: 24px;\">Estad\u00edsticas<\/td>\n<\/tr>\n<tr style=\"height: 24px;\">\n<td style=\"width: 238.891px; height: 24px;\"><strong>_gat_gtag_UA_210549760_1<\/strong><\/td>\n<td style=\"width: 159.625px; height: 24px;\">1 minuto<\/td>\n<td style=\"width: 167.688px; height: 24px;\">.ifarming.ai<\/td>\n<td style=\"width: 162.938px; height: 24px;\">Propia<\/td>\n<td style=\"width: 163.234px; height: 24px;\"><a href=\"https:\/\/developers.google.com\/analytics\/devguides\/collection\/analyticsjs\/cookie-usage\">Google Analytics<\/a> \u2013 Utilizada para limitar las solicitudes (limitar la velocidad de las solicitudes).<\/td>\n<td style=\"width: 160.625px; height: 24px;\">Estad\u00edsticas<\/td>\n<\/tr>\n<tr style=\"height: 24px;\">\n<td style=\"width: 238.891px; height: 24px;\"><strong>_gid<\/strong><\/td>\n<td style=\"width: 159.625px; height: 24px;\">1 d\u00eda<\/td>\n<td style=\"width: 167.688px; height: 24px;\">.ifarming.ai<\/td>\n<td style=\"width: 162.938px; height: 24px;\">Propia<\/td>\n<td style=\"width: 163.234px; height: 24px;\"><a href=\"https:\/\/developers.google.com\/analytics\/devguides\/collection\/analyticsjs\/cookie-usage\">Google Analytics<\/a> \u2013 Utilizada para almacenar informaci\u00f3n sobre c\u00f3mo los visitantes utilizan un sitio web y crear un informe de an\u00e1lisis del rendimiento del sitio web. Algunos de los datos recopilados incluyen el n\u00famero de visitantes, su origen y las p\u00e1ginas que visitan de forma an\u00f3nima.<\/td>\n<td style=\"width: 160.625px; height: 24px;\">Estad\u00edsticas<\/td>\n<\/tr>\n<tr style=\"height: 24px;\">\n<td style=\"width: 238.891px; height: 24px;\"><strong>_GRECAPTCHA<\/strong><\/td>\n<td style=\"width: 159.625px; height: 24px;\">5 meses y 27 d\u00edas<\/td>\n<td style=\"width: 167.688px; height: 24px;\">.google.com<\/td>\n<td style=\"width: 162.938px; height: 24px;\">Terceros<\/td>\n<td style=\"width: 163.234px; height: 24px;\"><a href=\"https:\/\/policies.google.com\/technologies\/cookies?hl=en-US#how-google-uses-cookies\">Google reCAPTCHA<\/a> \u2013 Utilizada para identificar bots y proteger el sitio web contra ataques maliciosos de spam.<\/td>\n<td style=\"width: 160.625px; height: 24px;\">Estrictamente necesaria<\/td>\n<\/tr>\n<tr style=\"height: 24px;\">\n<td style=\"width: 238.891px; height: 24px;\"><strong>1P_JAR<\/strong><\/td>\n<td style=\"width: 159.625px; height: 24px;\">13 meses desde su configuraci\u00f3n\/actualizaci\u00f3n<\/td>\n<td style=\"width: 167.688px; height: 24px;\">.google.com<\/td>\n<td style=\"width: 162.938px; height: 24px;\">Terceros<\/td>\n<td style=\"width: 163.234px; height: 24px;\"><a href=\"https:\/\/policies.google.com\/privacy\">Google Ads Optimization<\/a> \u2013 Utilizada para proporcionar la entrega de anuncios o el retargeting.<\/td>\n<td style=\"width: 160.625px; height: 24px;\">Estad\u00edsticas<\/td>\n<\/tr>\n<tr style=\"height: 24px;\">\n<td style=\"width: 238.891px; height: 24px;\"><strong>NID<\/strong><\/td>\n<td style=\"width: 159.625px; height: 24px;\">6 meses desde su configuraci\u00f3n\/actualizaci\u00f3n<\/td>\n<td style=\"width: 167.688px; height: 24px;\">.google.com<\/td>\n<td style=\"width: 162.938px; height: 24px;\">Terceros<\/td>\n<td style=\"width: 163.234px; height: 24px;\"><a href=\"https:\/\/policies.google.com\/privacy\">Google Ads Optimization<\/a> \u2013 Utilizada para recordar sus preferencias y otra informaci\u00f3n, como el idioma que prefiere, el n\u00famero de resultados que desea mostrar en cada p\u00e1gina de resultados de b\u00fasqueda (por ejemplo, 10 o 20) y si desea que est\u00e9 activado o desactivado el filtro de B\u00fasqueda segura de Google.<\/td>\n<td style=\"width: 160.625px; height: 24px;\">Estad\u00edsticas<\/td>\n<\/tr>\n<tr>\n<td style=\"width: 238.891px;\"><strong>AEC<\/strong><\/td>\n<td style=\"width: 159.625px;\">6 meses<\/td>\n<td style=\"width: 167.688px;\">.google.com<\/td>\n<td style=\"width: 162.938px;\">Terceros<\/td>\n<td style=\"width: 163.234px;\"><a href=\"https:\/\/developers.google.com\/analytics\/devguides\/collection\/analyticsjs\/cookie-usage\">Google Analytics<\/a> \u2013 Cookie necesaria para el uso de las opciones y servicios del sitio web.<\/td>\n<td style=\"width: 160.625px;\">Estad\u00edsticas<\/td>\n<\/tr>\n<tr>\n<td style=\"width: 238.891px;\"><strong>DV<\/strong><\/td>\n<td style=\"width: 159.625px;\">Sesi\u00f3n<\/td>\n<td style=\"width: 167.688px;\">.google.com<\/td>\n<td style=\"width: 162.938px;\">Terceros<\/td>\n<td style=\"width: 163.234px;\"><a href=\"https:\/\/developers.google.com\/analytics\/devguides\/collection\/analyticsjs\/cookie-usage\">Google Analytics<\/a> \u2013 Utilizada para identificar al usuario si ha iniciado sesi\u00f3n con su cuenta de Google.<\/td>\n<td style=\"width: 160.625px;\">Estad\u00edsticas<\/td>\n<\/tr>\n<tr>\n<td style=\"width: 238.891px;\"><strong>OTZ<\/strong><\/td>\n<td style=\"width: 159.625px;\">1 mes<\/td>\n<td style=\"width: 167.688px;\">.google.com<\/td>\n<td style=\"width: 162.938px;\">Terceros<\/td>\n<td style=\"width: 163.234px;\"><a href=\"https:\/\/developers.google.com\/analytics\/devguides\/collection\/analyticsjs\/cookie-usage\">Google Analytics<\/a> \u2013 Se utiliza para cuantificar el n\u00famero de usuarios y as\u00ed realizar la medici\u00f3n y an\u00e1lisis estad\u00edstico de la utilizaci\u00f3n que los usuarios hacen de nuestros servicios.<\/td>\n<td style=\"width: 160.625px;\">Estad\u00edsticas<\/td>\n<\/tr>\n<tr>\n<td style=\"width: 238.891px;\"><strong>MoodleSession<\/strong><\/td>\n<td style=\"width: 159.625px;\">Sesi\u00f3n<\/td>\n<td style=\"width: 167.688px;\">campus-online.ifarming.ai<\/td>\n<td style=\"width: 162.938px;\">Propia<\/td>\n<td style=\"width: 163.234px;\"><a href=\"https:\/\/moodle.com\/cookies-policy\/\">Moodle<\/a> \u2013 Utilizada para proporcionar continuidad y mantener el inicio de sesi\u00f3n del visitante de una p\u00e1gina a otra.<\/td>\n<td style=\"width: 160.625px;\">Estrictamente necesaria<\/td>\n<\/tr>\n<tr>\n<td style=\"width: 238.891px;\"><strong>MOODLEID<\/strong><\/td>\n<td style=\"width: 159.625px;\">1 mes<\/td>\n<td style=\"width: 167.688px;\">campus-online.ifarming.ai<\/td>\n<td style=\"width: 162.938px;\">Propia<\/td>\n<td style=\"width: 163.234px;\"><a href=\"https:\/\/moodle.com\/cookies-policy\/\">Moodle<\/a> \u2013 Utilizada para recordar solo su nombre de usuario en el navegador.<\/td>\n<td style=\"width: 160.625px;\">Preferencias<\/td>\n<\/tr>\n<\/tbody>\n<\/table>\n<p>Tambi\u00e9n utilizamos botones y\/o complementos de redes sociales en este sitio que le permiten conectarse con su red social de diversas formas. Para que estos funcionen, los siguientes sitios de redes sociales, incluidos <a href=\"https:\/\/help.instagram.com\/1896641480634370?cms_id=1896641480634370&amp;published_only=true&amp;force_new_ighc=false\">Instagram<\/a>, <a href=\"https:\/\/web.facebook.com\/policy\/cookies\/?_rdc=1&amp;_rdr\">Facebook<\/a>, <a href=\"https:\/\/www.linkedin.com\/legal\/l\/cookie-table\">LinkedIn<\/a>, configurar\u00e1n cookies a trav\u00e9s de nuestro sitio, que pueden utilizarse para mejorar su perfil en su sitio o contribuir a los datos que tienen con diversos fines descritos en sus respectivas pol\u00edticas de privacidad. Por ejemplo, si utiliza un widget de redes sociales (por ejemplo, el icono de LinkedIn) en el sitio web, registrar\u00e1 su \"compartir\". LinkedIn (como la empresa que configura la cookie) recopilar\u00e1 los datos.<\/p>\n<h2 style=\"text-align: justify;\">Control de cookies en mi navegador<\/h2>\n<p>Puede restringir, bloquear o eliminar las cookies instaladas en su dispositivo (por ejemplo, computadora, tableta, tel\u00e9fono m\u00f3vil) ajustando la configuraci\u00f3n de las cookies en su navegador:<\/p>\n<ul style=\"text-align: justify;\">\n<li><a href=\"https:\/\/support.mozilla.org\/en-US\/kb\/enhanced-tracking-protection-firefox-desktop\">Firefox<\/a><\/li>\n<li><a href=\"https:\/\/support.google.com\/chrome\/answer\/95647\">Google Chrome <\/a><\/li>\n<li><a href=\"https:\/\/support.apple.com\/en-ie\/guide\/safari\/sfri11471\/mac\">Safari<\/a><\/li>\n<li><a href=\"https:\/\/support.apple.com\/en-us\/HT201265\">Safari Mobile<\/a><\/li>\n<li><a href=\"https:\/\/support.microsoft.com\/en-us\/search?query=edge%20clear%20cookies%20and%20cache#:~:text=Open%20Microsoft%20Edge%2C%20select%20Menu,box%20and%20then%20select%20Clear\">Microsoft Edge<\/a><\/li>\n<\/ul>\n<p>Es relevante tener en cuenta que restringir o deshabilitar el uso de cookies puede limitar la funcionalidad de los sitios o evitar que funcionen correctamente.<\/p>\n<p>Nuestro sitio web no se hace responsable del contenido y la veracidad de las pol\u00edticas de privacidad de terceros incluidos en esta pol\u00edtica de cookies.<\/p>\n<h2 style=\"text-align: justify;\">Actualizaci\u00f3n del aviso legal<\/h2>\n<p style=\"text-align: justify;\">Nos reservamos el derecho de realizar cambios y correcciones en esta pol\u00edtica. Consulte esta p\u00e1gina de vez en cuando para revisar esta informaci\u00f3n y la nueva informaci\u00f3n adicional. Publicaremos actualizaciones en nuestro sitio web y, cuando sea necesario, comunicaremos estos cambios por correo electr\u00f3nico.<\/p>\n<h2 style=\"text-align: justify;\">Pol\u00edticas de Privacidad<\/h2>\n<p style=\"text-align: justify;\">Para obtener m\u00e1s informaci\u00f3n sobre c\u00f3mo utilizamos sus datos, consulte nuestra <span><a href=\"https:\/\/ifarming.ai\/es\/privacy-policy\/\">Pol\u00edticas de Privacidad<\/a><\/span><\/p>\n<h2 style=\"text-align: justify;\">M\u00e1s informaci\u00f3n<\/h2>\n<p>Esperamos que esta Pol\u00edtica de Cookies haya aclarado las cosas para ti. Sin embargo, si a\u00fan est\u00e1s buscando m\u00e1s informaci\u00f3n, puedes contactarnos en nuestro correo electr\u00f3nico: contact@ifarming.ai<\/p>\n<p>Esta Pol\u00edtica de cookies fue modificada por \u00faltima vez el 7 de septiembre de 2023.<\/p>\n<p>&nbsp;<\/p>\n<p>[\/et_pb_text][\/et_pb_column][\/et_pb_row][\/et_pb_section]<\/p>","protected":false},"excerpt":{"rendered":"<p>Cookie Policy\u00a0This Cookie Policy applies to www.ifarming.ai, www.ifarming.cl, www.app.ifarming.ai and www.campus-online.ifarming.ai (together, \u201cWebsite\u201d) which are operated by or on behalf of Global Integrated Solutions Chile SpA, with address at Agustinas 815 , Department 906, commune of Santiago, Santiago de Chile.\u00a0 When using a mobile device to connect to the internet, you should also refer to [&hellip;]<\/p>","protected":false},"author":2,"featured_media":0,"parent":0,"menu_order":0,"comment_status":"closed","ping_status":"closed","template":"","meta":{"_acf_changed":false,"_et_pb_use_builder":"on","_et_pb_old_content":"","_et_gb_content_width":"","footnotes":""},"class_list":["post-2613","page","type-page","status-publish","hentry"],"acf":[],"yoast_head":"<!-- This site is optimized with the Yoast SEO plugin v25.0 - https:\/\/yoast.com\/wordpress\/plugins\/seo\/ -->\n<title>IFarming\u00b4s Cookie Policy - IFarming<\/title>\n<meta name=\"robots\" content=\"index, follow, max-snippet:-1, max-image-preview:large, max-video-preview:-1\" \/>\n<link rel=\"canonical\" href=\"https:\/\/ifarming.ai\/es\/cookie-policy\/\" \/>\n<meta property=\"og:locale\" content=\"es_ES\" \/>\n<meta property=\"og:type\" content=\"article\" \/>\n<meta property=\"og:title\" content=\"IFarming\u00b4s Cookie Policy - IFarming\" \/>\n<meta property=\"og:description\" content=\"Cookie Policy\u00a0This Cookie Policy applies to www.ifarming.ai, www.ifarming.cl, www.app.ifarming.ai and www.campus-online.ifarming.ai (together, \u201cWebsite\u201d) which are operated by or on behalf of Global Integrated Solutions Chile SpA, with address at Agustinas 815 , Department 906, commune of Santiago, Santiago de Chile.\u00a0 When using a mobile device to connect to the internet, you should also refer to [&hellip;]\" \/>\n<meta property=\"og:url\" content=\"https:\/\/ifarming.ai\/es\/cookie-policy\/\" \/>\n<meta property=\"og:site_name\" content=\"IFarming\" \/>\n<meta property=\"article:modified_time\" content=\"2023-09-08T18:22:28+00:00\" \/>\n<meta name=\"twitter:card\" content=\"summary_large_image\" \/>\n<meta name=\"twitter:label1\" content=\"Tiempo de lectura\" \/>\n\t<meta name=\"twitter:data1\" content=\"6 minutos\" \/>\n<script type=\"application\/ld+json\" class=\"yoast-schema-graph\">{\"@context\":\"https:\/\/schema.org\",\"@graph\":[{\"@type\":\"WebPage\",\"@id\":\"https:\/\/ifarming.ai\/cookie-policy\/\",\"url\":\"https:\/\/ifarming.ai\/cookie-policy\/\",\"name\":\"IFarming\u00b4s Cookie Policy - IFarming\",\"isPartOf\":{\"@id\":\"https:\/\/ifarming.ai\/#website\"},\"datePublished\":\"2023-09-08T14:34:33+00:00\",\"dateModified\":\"2023-09-08T18:22:28+00:00\",\"breadcrumb\":{\"@id\":\"https:\/\/ifarming.ai\/cookie-policy\/#breadcrumb\"},\"inLanguage\":\"es\",\"potentialAction\":[{\"@type\":\"ReadAction\",\"target\":[\"https:\/\/ifarming.ai\/cookie-policy\/\"]}]},{\"@type\":\"BreadcrumbList\",\"@id\":\"https:\/\/ifarming.ai\/cookie-policy\/#breadcrumb\",\"itemListElement\":[{\"@type\":\"ListItem\",\"position\":1,\"name\":\"Home\",\"item\":\"https:\/\/ifarming.ai\/\"},{\"@type\":\"ListItem\",\"position\":2,\"name\":\"IFarming\u00b4s Cookie Policy\"}]},{\"@type\":\"WebSite\",\"@id\":\"https:\/\/ifarming.ai\/#website\",\"url\":\"https:\/\/ifarming.ai\/\",\"name\":\"IFarming\",\"description\":\"Providing a Complete Suite of Solutions\",\"potentialAction\":[{\"@type\":\"SearchAction\",\"target\":{\"@type\":\"EntryPoint\",\"urlTemplate\":\"https:\/\/ifarming.ai\/?s={search_term_string}\"},\"query-input\":{\"@type\":\"PropertyValueSpecification\",\"valueRequired\":true,\"valueName\":\"search_term_string\"}}],\"inLanguage\":\"es\"}]}<\/script>\n<!-- \/ Yoast SEO plugin. -->","yoast_head_json":{"title":"IFarming\u00b4s Cookie Policy - IFarming","robots":{"index":"index","follow":"follow","max-snippet":"max-snippet:-1","max-image-preview":"max-image-preview:large","max-video-preview":"max-video-preview:-1"},"canonical":"https:\/\/ifarming.ai\/es\/cookie-policy\/","og_locale":"es_ES","og_type":"article","og_title":"IFarming\u00b4s Cookie Policy - IFarming","og_description":"Cookie Policy\u00a0This Cookie Policy applies to www.ifarming.ai, www.ifarming.cl, www.app.ifarming.ai and www.campus-online.ifarming.ai (together, \u201cWebsite\u201d) which are operated by or on behalf of Global Integrated Solutions Chile SpA, with address at Agustinas 815 , Department 906, commune of Santiago, Santiago de Chile.\u00a0 When using a mobile device to connect to the internet, you should also refer to [&hellip;]","og_url":"https:\/\/ifarming.ai\/es\/cookie-policy\/","og_site_name":"IFarming","article_modified_time":"2023-09-08T18:22:28+00:00","twitter_card":"summary_large_image","twitter_misc":{"Tiempo de lectura":"6 minutos"},"schema":{"@context":"https:\/\/schema.org","@graph":[{"@type":"WebPage","@id":"https:\/\/ifarming.ai\/cookie-policy\/","url":"https:\/\/ifarming.ai\/cookie-policy\/","name":"IFarming\u00b4s Cookie Policy - IFarming","isPartOf":{"@id":"https:\/\/ifarming.ai\/#website"},"datePublished":"2023-09-08T14:34:33+00:00","dateModified":"2023-09-08T18:22:28+00:00","breadcrumb":{"@id":"https:\/\/ifarming.ai\/cookie-policy\/#breadcrumb"},"inLanguage":"es","potentialAction":[{"@type":"ReadAction","target":["https:\/\/ifarming.ai\/cookie-policy\/"]}]},{"@type":"BreadcrumbList","@id":"https:\/\/ifarming.ai\/cookie-policy\/#breadcrumb","itemListElement":[{"@type":"ListItem","position":1,"name":"Home","item":"https:\/\/ifarming.ai\/"},{"@type":"ListItem","position":2,"name":"IFarming\u00b4s Cookie Policy"}]},{"@type":"WebSite","@id":"https:\/\/ifarming.ai\/#website","url":"https:\/\/ifarming.ai\/","name":"IFarming","description":"Providing a Complete Suite of Solutions","potentialAction":[{"@type":"SearchAction","target":{"@type":"EntryPoint","urlTemplate":"https:\/\/ifarming.ai\/?s={search_term_string}"},"query-input":{"@type":"PropertyValueSpecification","valueRequired":true,"valueName":"search_term_string"}}],"inLanguage":"es"}]}},"_links":{"self":[{"href":"https:\/\/ifarming.ai\/es\/wp-json\/wp\/v2\/pages\/2613","targetHints":{"allow":["GET"]}}],"collection":[{"href":"https:\/\/ifarming.ai\/es\/wp-json\/wp\/v2\/pages"}],"about":[{"href":"https:\/\/ifarming.ai\/es\/wp-json\/wp\/v2\/types\/page"}],"author":[{"embeddable":true,"href":"https:\/\/ifarming.ai\/es\/wp-json\/wp\/v2\/users\/2"}],"replies":[{"embeddable":true,"href":"https:\/\/ifarming.ai\/es\/wp-json\/wp\/v2\/comments?post=2613"}],"version-history":[{"count":0,"href":"https:\/\/ifarming.ai\/es\/wp-json\/wp\/v2\/pages\/2613\/revisions"}],"wp:attachment":[{"href":"https:\/\/ifarming.ai\/es\/wp-json\/wp\/v2\/media?parent=2613"}],"curies":[{"name":"wp","href":"https:\/\/api.w.org\/{rel}","templated":true}]}}