{"id":2562,"date":"2023-07-20T20:36:43","date_gmt":"2023-07-21T00:36:43","guid":{"rendered":"https:\/\/ifarming.ai\/?page_id=2562"},"modified":"2023-07-21T09:23:28","modified_gmt":"2023-07-21T13:23:28","slug":"news","status":"publish","type":"page","link":"https:\/\/ifarming.ai\/es\/news\/","title":{"rendered":"Noticias"},"content":{"rendered":"<p>[et_pb_section fb_built=&#8221;1&#8243; _builder_version=&#8221;4.16&#8243; _module_preset=&#8221;default&#8221; background_image=&#8221;https:\/\/ifarming.ai\/wp-content\/uploads\/2021\/11\/aerial-shot-of-sea-waves-hitting-the-sandy-shore-1.webp&#8221; parallax=&#8221;on&#8221; custom_margin_last_edited=&#8221;off|desktop&#8221; custom_padding=&#8221;2px||0px|||&#8221; global_colors_info=&#8221;{}&#8221;][\/et_pb_section][et_pb_section fb_built=&#8221;1&#8243; _builder_version=&#8221;4.16&#8243; _module_preset=&#8221;default&#8221; background_color=&#8221;#f8f8f8&#8243; custom_margin=&#8221;0px||||false|false&#8221; custom_padding=&#8221;||29px|||&#8221; global_colors_info=&#8221;{}&#8221;][et_pb_row column_structure=&#8221;2_5,3_5&#8243; make_equal=&#8221;on&#8221; _builder_version=&#8221;4.20.2&#8243; _module_preset=&#8221;default&#8221; max_width=&#8221;100%&#8221; custom_padding=&#8221;1px||1px|||&#8221; animation_style=&#8221;slide&#8221; global_colors_info=&#8221;{}&#8221;][et_pb_column type=&#8221;2_5&#8243; _builder_version=&#8221;4.20.2&#8243; _module_preset=&#8221;default&#8221; background_color=&#8221;#707070&#8243; background_image=&#8221;https:\/\/ifarming.ai\/wp-content\/uploads\/2021\/09\/Research-and-Development.jpg&#8221; background_blend=&#8221;soft-light&#8221; global_colors_info=&#8221;{}&#8221;][\/et_pb_column][et_pb_column type=&#8221;3_5&#8243; _builder_version=&#8221;4.16&#8243; _module_preset=&#8221;default&#8221; custom_css_main_element=&#8221;display: flex;|| flex-direction: column;|| justify-content: center;&#8221; global_colors_info=&#8221;{}&#8221;][et_pb_text _builder_version=&#8221;4.20.2&#8243; _module_preset=&#8221;8cf81b34-e535-4f43-bc2a-1ed85bedf24b&#8221; link_option_url_new_window=&#8221;on&#8221; global_colors_info=&#8221;{}&#8221;]<\/p>\n<div id=\"comp-krcii55n1\" class=\"_1Q9if\" data-testid=\"richTextElement\">\n<div id=\"comp-krcii55n1\" class=\"_1Q9if\" data-testid=\"richTextElement\">\n<p class=\"font_3\">julio 17, 2023<\/p>\n<p class=\"font_3\">\n<h2 class=\"font_3\">Chile: Instituciones se unen para impulsar la educaci\u00f3n y la investigaci\u00f3n<\/h2>\n<\/div>\n<div id=\"comp-krcii55p1\" class=\"_1Q9if\" data-testid=\"richTextElement\">\n<p class=\"font_8\">Por <strong>Info-RAS<\/strong><\/p>\n<p class=\"font_8\">La Universidad Cat\u00f3lica de Temuco y Global Integrated Solutions Chile SpA unen esfuerzos para impulsar la educaci\u00f3n y la investigaci\u00f3n en los sectores acu\u00edcola y agropecuario.<\/p>\n<p><a href=\"https:\/\/info-ras.cl\/instituciones-se-unen-para-desarrollo-sostenible\/\" target=\"_blank\" rel=\"noopener\"><strong>Leer M\u00e1s<\/strong><\/a><\/p>\n<\/div>\n<\/div>\n<p>[\/et_pb_text][\/et_pb_column][\/et_pb_row][et_pb_row column_structure=&#8221;3_5,2_5&#8243; make_equal=&#8221;on&#8221; module_class=&#8221;reverse&#8221; _builder_version=&#8221;4.20.2&#8243; _module_preset=&#8221;default&#8221; max_width=&#8221;100%&#8221; custom_padding=&#8221;30px||1px|||&#8221; animation_style=&#8221;slide&#8221; global_colors_info=&#8221;{}&#8221; custom_css_main_element_last_edited=&#8221;on|tablet&#8221; custom_css_main_element_tablet=&#8221;display:flex;||flex-direction: column-reverse;||||||&#8221; custom_css_main_element_phone=&#8221;display:flex;||flex-direction: column-reverse;||||||&#8221;][et_pb_column type=&#8221;3_5&#8243; _builder_version=&#8221;4.16&#8243; _module_preset=&#8221;default&#8221; custom_css_main_element=&#8221;display: flex;|| flex-direction: column;|| justify-content: center;&#8221; global_colors_info=&#8221;{}&#8221;][et_pb_text _builder_version=&#8221;4.20.2&#8243; _module_preset=&#8221;8cf81b34-e535-4f43-bc2a-1ed85bedf24b&#8221; link_option_url_new_window=&#8221;on&#8221; global_colors_info=&#8221;{}&#8221;]<\/p>\n<div id=\"comp-krcii55n1\" class=\"_1Q9if\" data-testid=\"richTextElement\">\n<div id=\"comp-krcii55n1\" class=\"_1Q9if\" data-testid=\"richTextElement\">\n<div id=\"comp-krcii565\" class=\"_1Q9if\" data-testid=\"richTextElement\">\n<p class=\"font_3\"><span>marzo 24, 2023<\/span><\/p>\n<p class=\"font_3\"><span><\/span><\/p>\n<h2 class=\"font_3\"><span>IFarming dictar\u00e1 curso sobre nutrici\u00f3n aplicada para peces<\/span><span><\/span><\/h2>\n<\/div>\n<div id=\"comp-krcii5671\" class=\"_1Q9if\" data-testid=\"richTextElement\">\n<p class=\"font_8\">Por <strong>Mundo Acu\u00edcola<\/strong><\/p>\n<p class=\"font_8\">La empresa chilena IFarming desarrollar\u00e1 la primera edici\u00f3n del curso \u00abNutrici\u00f3n Aplicada para Peces\u00bb, donde diferentes expertos internacionales abordar\u00e1n, desde du destaca experiencia y conocimiento, una variedad de t\u00f3picos relevantes para la nutrici\u00f3n de peces.<\/p>\n<p class=\"font_8\"><a href=\"https:\/\/www.mundoacuicola.cl\/new\/ifarming-dictara-el-curso-nutricion-aplicada-para-peces\/\" target=\"_blank\" rel=\"noopener\"><strong>Leer M\u00e1s<\/strong><\/a><\/p>\n<\/div>\n<\/div>\n<div id=\"comp-krcii55p1\" class=\"_1Q9if\" data-testid=\"richTextElement\"><\/div>\n<\/div>\n<p>[\/et_pb_text][\/et_pb_column][et_pb_column type=&#8221;2_5&#8243; _builder_version=&#8221;4.20.2&#8243; _module_preset=&#8221;default&#8221; background_color=&#8221;#707070&#8243; background_image=&#8221;https:\/\/ifarming.ai\/wp-content\/uploads\/2022\/12\/Foto-portada.jpg&#8221; background_blend=&#8221;soft-light&#8221; global_colors_info=&#8221;{}&#8221;][\/et_pb_column][\/et_pb_row][et_pb_row column_structure=&#8221;2_5,3_5&#8243; make_equal=&#8221;on&#8221; _builder_version=&#8221;4.20.2&#8243; _module_preset=&#8221;default&#8221; max_width=&#8221;100%&#8221; custom_padding=&#8221;31px||1px|||&#8221; animation_style=&#8221;slide&#8221; global_colors_info=&#8221;{}&#8221;][et_pb_column type=&#8221;2_5&#8243; _builder_version=&#8221;4.20.2&#8243; _module_preset=&#8221;default&#8221; background_color=&#8221;#707070&#8243; background_image=&#8221;https:\/\/ifarming.ai\/wp-content\/uploads\/2021\/11\/5767226-1.webp&#8221; background_position=&#8221;center_right&#8221; background_blend=&#8221;soft-light&#8221; global_colors_info=&#8221;{}&#8221;][\/et_pb_column][et_pb_column type=&#8221;3_5&#8243; _builder_version=&#8221;4.16&#8243; _module_preset=&#8221;default&#8221; custom_css_main_element=&#8221;display: flex;|| flex-direction: column;|| justify-content: center;&#8221; global_colors_info=&#8221;{}&#8221;][et_pb_text _builder_version=&#8221;4.20.2&#8243; _module_preset=&#8221;8cf81b34-e535-4f43-bc2a-1ed85bedf24b&#8221; link_option_url_new_window=&#8221;on&#8221; global_colors_info=&#8221;{}&#8221;]<\/p>\n<div id=\"comp-krcii55n1\" class=\"_1Q9if\" data-testid=\"richTextElement\">\n<div id=\"comp-krcii55n1\" class=\"_1Q9if\" data-testid=\"richTextElement\">\n<div id=\"comp-krcii56v\" class=\"_1Q9if\" data-testid=\"richTextElement\">\n<p class=\"font_3\"><span>mayo 5, 2022<\/span><\/p>\n<h2 class=\"font_3\"><span>IFarming lanzar\u00e1 herramienta de gesti\u00f3n de la informaci\u00f3n para la acuicultura inteligente<\/span><\/h2>\n<p><span>Por <strong>Salmonexpert<\/strong><\/span><\/p>\n<\/div>\n<div id=\"comp-krcii56w1\" class=\"_1Q9if\" data-testid=\"richTextElement\">\n<p class=\"font_8\">\n<p class=\"font_8\">El desarrollo chileno proporcionar\u00e1 un flujo continuo de informaci\u00f3n, una reducci\u00f3n de horas hombre en procesamiento y an\u00e1lisis de datos, y permitir\u00e1 un monitoreo constante de los salm\u00f3nidos.<\/p>\n<p class=\"font_8\"><span><a href=\"https:\/\/www.salmonexpert.cl\/acuicultura-chile-curso\/lanzarn-herramienta-de-gestin-de-la-informacin-para-la-acuicultura-inteligente\/1250822\" title=\"Leer M\u00e1s\" target=\"_blank\" rel=\"noopener\"><strong>Leer M\u00e1s<\/strong><\/a><\/span><span>\u00a0<\/span><\/p>\n<\/div>\n<\/div>\n<\/div>\n<p>[\/et_pb_text][\/et_pb_column][\/et_pb_row][et_pb_row column_structure=&#8221;3_5,2_5&#8243; make_equal=&#8221;on&#8221; module_class=&#8221;reverse&#8221; _builder_version=&#8221;4.20.2&#8243; _module_preset=&#8221;default&#8221; max_width=&#8221;100%&#8221; custom_padding=&#8221;30px||1px|||&#8221; animation_style=&#8221;slide&#8221; global_colors_info=&#8221;{}&#8221;][et_pb_column type=&#8221;3_5&#8243; _builder_version=&#8221;4.16&#8243; _module_preset=&#8221;default&#8221; custom_css_main_element=&#8221;display: flex;|| flex-direction: column;|| justify-content: center;&#8221; global_colors_info=&#8221;{}&#8221;][et_pb_text _builder_version=&#8221;4.20.2&#8243; _module_preset=&#8221;8cf81b34-e535-4f43-bc2a-1ed85bedf24b&#8221; link_option_url_new_window=&#8221;on&#8221; global_colors_info=&#8221;{}&#8221;]<\/p>\n<div id=\"comp-krcii55n1\" class=\"_1Q9if\" data-testid=\"richTextElement\">\n<div id=\"comp-krcii55n1\" class=\"_1Q9if\" data-testid=\"richTextElement\">\n<div id=\"comp-krcii565\" class=\"_1Q9if\" data-testid=\"richTextElement\">\n<div id=\"comp-krcii5772\" class=\"_1Q9if\" data-testid=\"richTextElement\">\n<p class=\"font_3\"><span>noviembre 11, 2021<\/span><span><\/span><\/p>\n<h2 class=\"font_3\"><span>Chilenos crean empresa que busca optimizar recursos de la salmonicultura\u00a0<\/span><\/h2>\n<p><span>Por <strong>Salmonexpert<\/strong><\/span><\/p>\n<p>Se trata de IFarming, que entre sus fundadores tiene al m\u00e9dico veterinario Felipe Reveco, para apoyo en nutrici\u00f3n, alimentaci\u00f3n, producci\u00f3n de extruidos, salud, e innovaci\u00f3n acu\u00edcola.<\/p>\n<p><a href=\"https:\/\/www.salmonexpert.cl\/acuicultura-canad-chile\/chilenos-crean-empresa-que-busca-optimizar-recursos-de-la-salmonicultura\/1180519\" target=\"_blank\" rel=\"noopener\"><strong>Leer M\u00e1s<\/strong><\/a><\/p>\n<\/div>\n<\/div>\n<\/div>\n<\/div>\n<p>[\/et_pb_text][\/et_pb_column][et_pb_column type=&#8221;2_5&#8243; _builder_version=&#8221;4.20.2&#8243; _module_preset=&#8221;default&#8221; background_color=&#8221;#707070&#8243; background_image=&#8221;https:\/\/ifarming.ai\/wp-content\/uploads\/2021\/11\/Fish_farming_in_Torskefjorden_Senja_Troms_Norway_2014_August-1.webp&#8221; background_blend=&#8221;soft-light&#8221; global_colors_info=&#8221;{}&#8221;][\/et_pb_column][\/et_pb_row][\/et_pb_section][et_pb_section fb_built=&#8221;1&#8243; _builder_version=&#8221;4.11.3&#8243; _module_preset=&#8221;default&#8221; background_image=&#8221;https:\/\/ifarming.ai\/wp-content\/uploads\/2021\/11\/fondo-callToAction-1.webp&#8221; parallax=&#8221;on&#8221; parallax_method=&#8221;off&#8221; custom_padding=&#8221;0px||5px|||&#8221; global_module=&#8221;1228&#8243; saved_tabs=&#8221;all&#8221; global_colors_info=&#8221;{}&#8221;][et_pb_row _builder_version=&#8221;4.16&#8243; _module_preset=&#8221;default&#8221; custom_margin=&#8221;||||true|true&#8221; custom_padding=&#8221;80px||80px||true|true&#8221; global_colors_info=&#8221;{}&#8221;][et_pb_column type=&#8221;4_4&#8243; _builder_version=&#8221;4.16&#8243; _module_preset=&#8221;default&#8221; global_colors_info=&#8221;{}&#8221;][et_pb_cta title=&#8221;Do you need more info?&#8221; button_url=&#8221;@ET-DC@eyJkeW5hbWljIjp0cnVlLCJjb250ZW50IjoicG9zdF9saW5rX3VybF9wYWdlIiwic2V0dGluZ3MiOnsicG9zdF9pZCI6IjEzNiJ9fQ==@&#8221; button_text=&#8221;Contact Us!&#8221; _builder_version=&#8221;4.16&#8243; _dynamic_attributes=&#8221;button_url&#8221; _module_preset=&#8221;default&#8221; header_font=&#8221;|700||on|||||&#8221; background_enable_color=&#8221;off&#8221; custom_button=&#8221;on&#8221; button_text_size=&#8221;15px&#8221; button_text_color=&#8221;#FFFFFF&#8221; button_bg_color=&#8221;#55B8E7&#8243; button_border_width=&#8221;0px&#8221; button_border_radius=&#8221;21px&#8221; button_font=&#8221;|700||on|||||&#8221; custom_padding=&#8221;||8px|||&#8221; global_colors_info=&#8221;{}&#8221;][\/et_pb_cta][\/et_pb_column][\/et_pb_row][\/et_pb_section]<\/p>","protected":false},"excerpt":{"rendered":"<p>July 17, 2023 Chile: Institutions come together to promote education and research By Info-RAS The Catholic University of Temuco and Global Integrated Solutions Chile SpA join forces to drive education and research in the aquaculture and agricultural sectors. Read More March 24, 2023 IFarming will give a course on fish applied nutrition By Mundo Acu\u00edcola [&hellip;]<\/p>","protected":false},"author":2,"featured_media":0,"parent":0,"menu_order":0,"comment_status":"closed","ping_status":"closed","template":"","meta":{"_acf_changed":false,"_et_pb_use_builder":"on","_et_pb_old_content":"","_et_gb_content_width":"","footnotes":""},"class_list":["post-2562","page","type-page","status-publish","hentry"],"acf":[],"yoast_head":"<!-- This site is optimized with the Yoast SEO plugin v25.0 - https:\/\/yoast.com\/wordpress\/plugins\/seo\/ -->\n<title>News - IFarming<\/title>\n<meta name=\"robots\" content=\"index, follow, max-snippet:-1, max-image-preview:large, max-video-preview:-1\" \/>\n<link rel=\"canonical\" href=\"https:\/\/ifarming.ai\/es\/news\/\" \/>\n<meta property=\"og:locale\" content=\"es_ES\" \/>\n<meta property=\"og:type\" content=\"article\" \/>\n<meta property=\"og:title\" content=\"News - IFarming\" \/>\n<meta property=\"og:description\" content=\"July 17, 2023 Chile: Institutions come together to promote education and research By Info-RAS The Catholic University of Temuco and Global Integrated Solutions Chile SpA join forces to drive education and research in the aquaculture and agricultural sectors. Read More March 24, 2023 IFarming will give a course on fish applied nutrition By Mundo Acu\u00edcola [&hellip;]\" \/>\n<meta property=\"og:url\" content=\"https:\/\/ifarming.ai\/es\/news\/\" \/>\n<meta property=\"og:site_name\" content=\"IFarming\" \/>\n<meta property=\"article:modified_time\" content=\"2023-07-21T13:23:28+00:00\" \/>\n<meta name=\"twitter:card\" content=\"summary_large_image\" \/>\n<meta name=\"twitter:label1\" content=\"Tiempo de lectura\" \/>\n\t<meta name=\"twitter:data1\" content=\"2 minutos\" \/>\n<script type=\"application\/ld+json\" class=\"yoast-schema-graph\">{\"@context\":\"https:\/\/schema.org\",\"@graph\":[{\"@type\":\"WebPage\",\"@id\":\"https:\/\/ifarming.ai\/news\/\",\"url\":\"https:\/\/ifarming.ai\/news\/\",\"name\":\"News - IFarming\",\"isPartOf\":{\"@id\":\"https:\/\/ifarming.ai\/#website\"},\"datePublished\":\"2023-07-21T00:36:43+00:00\",\"dateModified\":\"2023-07-21T13:23:28+00:00\",\"breadcrumb\":{\"@id\":\"https:\/\/ifarming.ai\/news\/#breadcrumb\"},\"inLanguage\":\"es\",\"potentialAction\":[{\"@type\":\"ReadAction\",\"target\":[\"https:\/\/ifarming.ai\/news\/\"]}]},{\"@type\":\"BreadcrumbList\",\"@id\":\"https:\/\/ifarming.ai\/news\/#breadcrumb\",\"itemListElement\":[{\"@type\":\"ListItem\",\"position\":1,\"name\":\"Home\",\"item\":\"https:\/\/ifarming.ai\/\"},{\"@type\":\"ListItem\",\"position\":2,\"name\":\"News\"}]},{\"@type\":\"WebSite\",\"@id\":\"https:\/\/ifarming.ai\/#website\",\"url\":\"https:\/\/ifarming.ai\/\",\"name\":\"IFarming\",\"description\":\"Providing a Complete Suite of Solutions\",\"potentialAction\":[{\"@type\":\"SearchAction\",\"target\":{\"@type\":\"EntryPoint\",\"urlTemplate\":\"https:\/\/ifarming.ai\/?s={search_term_string}\"},\"query-input\":{\"@type\":\"PropertyValueSpecification\",\"valueRequired\":true,\"valueName\":\"search_term_string\"}}],\"inLanguage\":\"es\"}]}<\/script>\n<!-- \/ Yoast SEO plugin. -->","yoast_head_json":{"title":"News - IFarming","robots":{"index":"index","follow":"follow","max-snippet":"max-snippet:-1","max-image-preview":"max-image-preview:large","max-video-preview":"max-video-preview:-1"},"canonical":"https:\/\/ifarming.ai\/es\/news\/","og_locale":"es_ES","og_type":"article","og_title":"News - IFarming","og_description":"July 17, 2023 Chile: Institutions come together to promote education and research By Info-RAS The Catholic University of Temuco and Global Integrated Solutions Chile SpA join forces to drive education and research in the aquaculture and agricultural sectors. Read More March 24, 2023 IFarming will give a course on fish applied nutrition By Mundo Acu\u00edcola [&hellip;]","og_url":"https:\/\/ifarming.ai\/es\/news\/","og_site_name":"IFarming","article_modified_time":"2023-07-21T13:23:28+00:00","twitter_card":"summary_large_image","twitter_misc":{"Tiempo de lectura":"2 minutos"},"schema":{"@context":"https:\/\/schema.org","@graph":[{"@type":"WebPage","@id":"https:\/\/ifarming.ai\/news\/","url":"https:\/\/ifarming.ai\/news\/","name":"News - IFarming","isPartOf":{"@id":"https:\/\/ifarming.ai\/#website"},"datePublished":"2023-07-21T00:36:43+00:00","dateModified":"2023-07-21T13:23:28+00:00","breadcrumb":{"@id":"https:\/\/ifarming.ai\/news\/#breadcrumb"},"inLanguage":"es","potentialAction":[{"@type":"ReadAction","target":["https:\/\/ifarming.ai\/news\/"]}]},{"@type":"BreadcrumbList","@id":"https:\/\/ifarming.ai\/news\/#breadcrumb","itemListElement":[{"@type":"ListItem","position":1,"name":"Home","item":"https:\/\/ifarming.ai\/"},{"@type":"ListItem","position":2,"name":"News"}]},{"@type":"WebSite","@id":"https:\/\/ifarming.ai\/#website","url":"https:\/\/ifarming.ai\/","name":"IFarming","description":"Providing a Complete Suite of Solutions","potentialAction":[{"@type":"SearchAction","target":{"@type":"EntryPoint","urlTemplate":"https:\/\/ifarming.ai\/?s={search_term_string}"},"query-input":{"@type":"PropertyValueSpecification","valueRequired":true,"valueName":"search_term_string"}}],"inLanguage":"es"}]}},"_links":{"self":[{"href":"https:\/\/ifarming.ai\/es\/wp-json\/wp\/v2\/pages\/2562","targetHints":{"allow":["GET"]}}],"collection":[{"href":"https:\/\/ifarming.ai\/es\/wp-json\/wp\/v2\/pages"}],"about":[{"href":"https:\/\/ifarming.ai\/es\/wp-json\/wp\/v2\/types\/page"}],"author":[{"embeddable":true,"href":"https:\/\/ifarming.ai\/es\/wp-json\/wp\/v2\/users\/2"}],"replies":[{"embeddable":true,"href":"https:\/\/ifarming.ai\/es\/wp-json\/wp\/v2\/comments?post=2562"}],"version-history":[{"count":0,"href":"https:\/\/ifarming.ai\/es\/wp-json\/wp\/v2\/pages\/2562\/revisions"}],"wp:attachment":[{"href":"https:\/\/ifarming.ai\/es\/wp-json\/wp\/v2\/media?parent=2562"}],"curies":[{"name":"wp","href":"https:\/\/api.w.org\/{rel}","templated":true}]}}