{"id":221,"date":"2021-09-08T20:39:39","date_gmt":"2021-09-08T23:39:39","guid":{"rendered":"https:\/\/ifarming.ai\/?page_id=221"},"modified":"2024-08-30T11:51:27","modified_gmt":"2024-08-30T15:51:27","slug":"virtual-campus","status":"publish","type":"page","link":"https:\/\/ifarming.ai\/es\/virtual-campus\/","title":{"rendered":"Campus virtual"},"content":{"rendered":"<p>[et_pb_section fb_built=&#8221;1&#8243; _builder_version=&#8221;4.16&#8243; _module_preset=&#8221;default&#8221; background_color=&#8221;#f8f8f8&#8243; custom_margin=&#8221;0px||||false|false&#8221; custom_padding=&#8221;6px||29px|||&#8221; global_colors_info=&#8221;{}&#8221;][et_pb_row _builder_version=&#8221;4.16&#8243; _module_preset=&#8221;default&#8221; custom_padding=&#8221;||1px|||&#8221; global_colors_info=&#8221;{}&#8221;][et_pb_column type=&#8221;4_4&#8243; _builder_version=&#8221;4.16&#8243; _module_preset=&#8221;default&#8221; global_colors_info=&#8221;{}&#8221;][et_pb_text _builder_version=&#8221;4.27.0&#8243; _module_preset=&#8221;default&#8221; header_2_font=&#8221;|700||on|||||&#8221; header_2_text_align=&#8221;left&#8221; header_2_text_color=&#8221;#38B5B5&#8243; custom_margin=&#8221;||0px|||&#8221; global_colors_info=&#8221;{}&#8221;]<\/p>\n<h2>Educaci\u00f3n Profesional<\/h2>\n<p>[\/et_pb_text][et_pb_text _builder_version=&#8221;4.27.0&#8243; _module_preset=&#8221;default&#8221; hover_enabled=&#8221;0&#8243; global_colors_info=&#8221;{}&#8221; sticky_enabled=&#8221;0&#8243;]<\/p>\n<p>Damos la bienvenida a estudiantes de todo el mundo. Los cursos y programas de IFarming son experiencias de aprendizaje integrales disponibles para que te sientas m\u00e1s seguro y mejor preparado para tu vida profesional.<\/p>\n<p>Por favor, visita nuestro <a href=\"https:\/\/campus-online.ifarming.ai\" target=\"_blank\" rel=\"noopener\">ambiente de aprendizaje<\/a> <span>en el que podr\u00e1s acceder a tus cursos en cualquier momento desde tu computador port\u00e1til, computador de escritorio, m\u00f3vil y tablet.\u00a0<\/span><\/p>\n<p>Explora nuestros cursos y programas a continuaci\u00f3n:<\/p>\n<p>[\/et_pb_text][\/et_pb_column][\/et_pb_row][et_pb_row column_structure=&#8221;1_3,1_3,1_3&#8243; _builder_version=&#8221;4.27.0&#8243; _module_preset=&#8221;default&#8221; motion_trigger_start=&#8221;top&#8221; global_colors_info=&#8221;{}&#8221; hover_enabled=&#8221;0&#8243; sticky_enabled=&#8221;0&#8243;][et_pb_column type=&#8221;1_3&#8243; _builder_version=&#8221;4.27.0&#8243; _module_preset=&#8221;default&#8221; global_colors_info=&#8221;{}&#8221; link_option_url_new_window=&#8221;on&#8221; hover_enabled=&#8221;0&#8243; sticky_enabled=&#8221;0&#8243;][et_pb_blog fullwidth=&#8221;off&#8221; post_type=&#8221;product&#8221; show_more=&#8221;on&#8221; show_author=&#8221;off&#8221; show_date=&#8221;off&#8221; show_categories=&#8221;off&#8221; disabled_on=&#8221;off|off|off&#8221; module_class=&#8221;courses&#8221; _builder_version=&#8221;4.27.0&#8243; _module_preset=&#8221;default&#8221; header_font=&#8221;|700|||||||&#8221; header_text_color=&#8221;#38B5B5&#8243; header_line_height=&#8221;1.2em&#8221; read_more_font=&#8221;|600|||||||&#8221; read_more_text_color=&#8221;#F3782E&#8221; custom_margin=&#8221;||||true|true&#8221; link_option_url_new_window=&#8221;on&#8221; border_width_all=&#8221;0px&#8221; global_colors_info=&#8221;{}&#8221; read_more_text_color__hover_enabled=&#8221;on|hover&#8221; read_more_text_color__hover=&#8221;#55B8E7&#8243; hover_enabled=&#8221;0&#8243; sticky_enabled=&#8221;0&#8243;][\/et_pb_blog][\/et_pb_column][et_pb_column type=&#8221;1_3&#8243; _builder_version=&#8221;4.27.0&#8243; _module_preset=&#8221;default&#8221; global_colors_info=&#8221;{}&#8221; link_option_url_new_window=&#8221;on&#8221; hover_enabled=&#8221;0&#8243; sticky_enabled=&#8221;0&#8243;][\/et_pb_column][et_pb_column type=&#8221;1_3&#8243; _builder_version=&#8221;4.27.0&#8243; _module_preset=&#8221;default&#8221; global_colors_info=&#8221;{}&#8221; link_option_url_new_window=&#8221;on&#8221; hover_enabled=&#8221;0&#8243; sticky_enabled=&#8221;0&#8243;][\/et_pb_column][\/et_pb_row][et_pb_row column_structure=&#8221;1_3,1_3,1_3&#8243; use_custom_gutter=&#8221;on&#8221; gutter_width=&#8221;1&#8243; disabled_on=&#8221;on|on|on&#8221; _builder_version=&#8221;4.19.2&#8243; _module_preset=&#8221;default&#8221; custom_margin=&#8221;124px||||false|false&#8221; disabled=&#8221;on&#8221; global_colors_info=&#8221;{}&#8221;][et_pb_column type=&#8221;1_3&#8243; _builder_version=&#8221;4.16&#8243; _module_preset=&#8221;default&#8221; global_colors_info=&#8221;{}&#8221;][et_pb_blurb title=&#8221;Fish Applied Nutrition &#8211; Spanish&#8221; image=&#8221;https:\/\/ifarming.ai\/wp-content\/uploads\/2022\/12\/Foto-portada.jpg&#8221; _builder_version=&#8221;4.19.2&#8243; _module_preset=&#8221;default&#8221; header_font=&#8221;|700|||||||&#8221; header_text_color=&#8221;#38B5B5&#8243; header_font_size=&#8221;16px&#8221; background_color=&#8221;#FFFFFF&#8221; width=&#8221;100%&#8221; custom_margin=&#8221;-124px||||false|false&#8221; custom_margin_tablet=&#8221;-20px||||false|false&#8221; custom_margin_phone=&#8221;&#8221; custom_margin_last_edited=&#8221;on|tablet&#8221; custom_padding=&#8221;||15px|||&#8221; custom_css_blurb_content=&#8221;padding: 10px&#8221; border_width_all=&#8221;2px&#8221; border_color_all=&#8221;rgba(112,112,112,0.16)&#8221; global_module=&#8221;2332&#8243; global_colors_info=&#8221;{}&#8221;]<\/p>\n<p>Este curso tiene por objetivo la entrega de conocimientos conceptuales y pr\u00e1cticos para analizar y evaluar el valor nutricional y los m\u00faltiples beneficios de los diversos componentes del alimento en peces de cultivo.<\/p>\n<p>[\/et_pb_blurb][et_pb_cta button_url=&#8221;@ET-DC@eyJkeW5hbWljIjp0cnVlLCJjb250ZW50IjoicG9zdF9saW5rX3VybF9wYWdlIiwic2V0dGluZ3MiOnsicG9zdF9pZCI6IjIxMjgifX0=@&#8221; button_text=&#8221;Contact us!&#8221; _builder_version=&#8221;4.19.2&#8243; _dynamic_attributes=&#8221;button_url&#8221; _module_preset=&#8221;default&#8221; body_font=&#8221;|700|||||||&#8221; body_font_size=&#8221;17px&#8221; background_color=&#8221;#38B5B5&#8243; custom_button=&#8221;on&#8221; button_text_color=&#8221;#F3782E&#8221; button_bg_color=&#8221;#FFFFFF&#8221; button_font=&#8221;|700|||||||&#8221; z_index=&#8221;77&#8243; custom_margin=&#8221;-30px||||false|false&#8221; custom_margin_tablet=&#8221;&#8221; custom_margin_phone=&#8221;&#8221; custom_margin_last_edited=&#8221;on|phone&#8221; custom_padding=&#8221;29px||27px|||&#8221; border_width_all=&#8221;2px&#8221; border_color_all=&#8221;rgba(112,112,112,0.16)&#8221; global_module=&#8221;2333&#8243; global_colors_info=&#8221;{}&#8221;]<\/p>\n<p>Pr\u00f3ximamente<\/p>\n<p>[\/et_pb_cta][\/et_pb_column][et_pb_column type=&#8221;1_3&#8243; _builder_version=&#8221;4.16&#8243; _module_preset=&#8221;default&#8221; global_colors_info=&#8221;{}&#8221;][\/et_pb_column][et_pb_column type=&#8221;1_3&#8243; _builder_version=&#8221;4.16&#8243; _module_preset=&#8221;default&#8221; global_colors_info=&#8221;{}&#8221;][\/et_pb_column][\/et_pb_row][\/et_pb_section][et_pb_section fb_built=&#8221;1&#8243; _builder_version=&#8221;4.16&#8243; _module_preset=&#8221;default&#8221; background_image=&#8221;https:\/\/ifarming.ai\/wp-content\/uploads\/2021\/09\/fondo-callToAction.jpg&#8221; parallax=&#8221;on&#8221; parallax_method=&#8221;off&#8221; custom_padding=&#8221;0px||5px|||&#8221; global_colors_info=&#8221;{}&#8221;][et_pb_row _builder_version=&#8221;4.16&#8243; _module_preset=&#8221;default&#8221; custom_margin=&#8221;||||true|true&#8221; custom_padding=&#8221;80px||80px||true|true&#8221; global_colors_info=&#8221;{}&#8221;][et_pb_column type=&#8221;4_4&#8243; _builder_version=&#8221;4.16&#8243; _module_preset=&#8221;default&#8221; global_colors_info=&#8221;{}&#8221;][et_pb_cta title=&#8221;Do you need more info?&#8221; button_url=&#8221;@ET-DC@eyJkeW5hbWljIjp0cnVlLCJjb250ZW50IjoicG9zdF9saW5rX3VybF9wYWdlIiwic2V0dGluZ3MiOnsicG9zdF9pZCI6IjEzNiJ9fQ==@&#8221; button_text=&#8221;Contact Us!&#8221; _builder_version=&#8221;4.16&#8243; _dynamic_attributes=&#8221;button_url&#8221; _module_preset=&#8221;default&#8221; header_font=&#8221;|700||on|||||&#8221; background_enable_color=&#8221;off&#8221; custom_button=&#8221;on&#8221; button_text_size=&#8221;15px&#8221; button_text_color=&#8221;#FFFFFF&#8221; button_bg_color=&#8221;#55B8E7&#8243; button_border_width=&#8221;0px&#8221; button_border_radius=&#8221;21px&#8221; button_font=&#8221;|700||on|||||&#8221; custom_padding=&#8221;||8px|||&#8221; global_colors_info=&#8221;{}&#8221;][\/et_pb_cta][\/et_pb_column][\/et_pb_row][\/et_pb_section]<\/p>","protected":false},"excerpt":{"rendered":"<p>Professional EducationWe welcome learners from all over the world. IFarming courses are end-to-end course experiences available for you to feel more confident and better prepared for professional life. Please, visit our e-learning environment in which you can access your courses at any time. It is suitable for laptop, desktop, mobile and tablet.\u00a0 Browse our courses [&hellip;]<\/p>","protected":false},"author":1,"featured_media":0,"parent":0,"menu_order":0,"comment_status":"closed","ping_status":"closed","template":"","meta":{"_acf_changed":false,"_et_pb_use_builder":"on","_et_pb_old_content":"","_et_gb_content_width":"","footnotes":""},"class_list":["post-221","page","type-page","status-publish","hentry"],"acf":[],"yoast_head":"<!-- This site is optimized with the Yoast SEO plugin v25.0 - https:\/\/yoast.com\/wordpress\/plugins\/seo\/ -->\n<title>Virtual campus - IFarming<\/title>\n<meta name=\"robots\" content=\"index, follow, max-snippet:-1, max-image-preview:large, max-video-preview:-1\" \/>\n<link rel=\"canonical\" href=\"https:\/\/ifarming.ai\/es\/virtual-campus\/\" \/>\n<meta property=\"og:locale\" content=\"es_ES\" \/>\n<meta property=\"og:type\" content=\"article\" \/>\n<meta property=\"og:title\" content=\"Virtual campus - IFarming\" \/>\n<meta property=\"og:description\" content=\"Professional EducationWe welcome learners from all over the world. IFarming courses are end-to-end course experiences available for you to feel more confident and better prepared for professional life. Please, visit our e-learning environment in which you can access your courses at any time. It is suitable for laptop, desktop, mobile and tablet.\u00a0 Browse our courses [&hellip;]\" \/>\n<meta property=\"og:url\" content=\"https:\/\/ifarming.ai\/es\/virtual-campus\/\" \/>\n<meta property=\"og:site_name\" content=\"IFarming\" \/>\n<meta property=\"article:modified_time\" content=\"2024-08-30T15:51:27+00:00\" \/>\n<meta name=\"twitter:card\" content=\"summary_large_image\" \/>\n<meta name=\"twitter:label1\" content=\"Tiempo de lectura\" \/>\n\t<meta name=\"twitter:data1\" content=\"1 minuto\" \/>\n<script type=\"application\/ld+json\" class=\"yoast-schema-graph\">{\"@context\":\"https:\/\/schema.org\",\"@graph\":[{\"@type\":\"WebPage\",\"@id\":\"https:\/\/ifarming.ai\/virtual-campus\/\",\"url\":\"https:\/\/ifarming.ai\/virtual-campus\/\",\"name\":\"Virtual campus - IFarming\",\"isPartOf\":{\"@id\":\"https:\/\/ifarming.ai\/#website\"},\"datePublished\":\"2021-09-08T23:39:39+00:00\",\"dateModified\":\"2024-08-30T15:51:27+00:00\",\"breadcrumb\":{\"@id\":\"https:\/\/ifarming.ai\/virtual-campus\/#breadcrumb\"},\"inLanguage\":\"es\",\"potentialAction\":[{\"@type\":\"ReadAction\",\"target\":[\"https:\/\/ifarming.ai\/virtual-campus\/\"]}]},{\"@type\":\"BreadcrumbList\",\"@id\":\"https:\/\/ifarming.ai\/virtual-campus\/#breadcrumb\",\"itemListElement\":[{\"@type\":\"ListItem\",\"position\":1,\"name\":\"Home\",\"item\":\"https:\/\/ifarming.ai\/\"},{\"@type\":\"ListItem\",\"position\":2,\"name\":\"Virtual campus\"}]},{\"@type\":\"WebSite\",\"@id\":\"https:\/\/ifarming.ai\/#website\",\"url\":\"https:\/\/ifarming.ai\/\",\"name\":\"IFarming\",\"description\":\"Providing a Complete Suite of Solutions\",\"potentialAction\":[{\"@type\":\"SearchAction\",\"target\":{\"@type\":\"EntryPoint\",\"urlTemplate\":\"https:\/\/ifarming.ai\/?s={search_term_string}\"},\"query-input\":{\"@type\":\"PropertyValueSpecification\",\"valueRequired\":true,\"valueName\":\"search_term_string\"}}],\"inLanguage\":\"es\"}]}<\/script>\n<!-- \/ Yoast SEO plugin. -->","yoast_head_json":{"title":"Virtual campus - IFarming","robots":{"index":"index","follow":"follow","max-snippet":"max-snippet:-1","max-image-preview":"max-image-preview:large","max-video-preview":"max-video-preview:-1"},"canonical":"https:\/\/ifarming.ai\/es\/virtual-campus\/","og_locale":"es_ES","og_type":"article","og_title":"Virtual campus - IFarming","og_description":"Professional EducationWe welcome learners from all over the world. IFarming courses are end-to-end course experiences available for you to feel more confident and better prepared for professional life. Please, visit our e-learning environment in which you can access your courses at any time. It is suitable for laptop, desktop, mobile and tablet.\u00a0 Browse our courses [&hellip;]","og_url":"https:\/\/ifarming.ai\/es\/virtual-campus\/","og_site_name":"IFarming","article_modified_time":"2024-08-30T15:51:27+00:00","twitter_card":"summary_large_image","twitter_misc":{"Tiempo de lectura":"1 minuto"},"schema":{"@context":"https:\/\/schema.org","@graph":[{"@type":"WebPage","@id":"https:\/\/ifarming.ai\/virtual-campus\/","url":"https:\/\/ifarming.ai\/virtual-campus\/","name":"Virtual campus - IFarming","isPartOf":{"@id":"https:\/\/ifarming.ai\/#website"},"datePublished":"2021-09-08T23:39:39+00:00","dateModified":"2024-08-30T15:51:27+00:00","breadcrumb":{"@id":"https:\/\/ifarming.ai\/virtual-campus\/#breadcrumb"},"inLanguage":"es","potentialAction":[{"@type":"ReadAction","target":["https:\/\/ifarming.ai\/virtual-campus\/"]}]},{"@type":"BreadcrumbList","@id":"https:\/\/ifarming.ai\/virtual-campus\/#breadcrumb","itemListElement":[{"@type":"ListItem","position":1,"name":"Home","item":"https:\/\/ifarming.ai\/"},{"@type":"ListItem","position":2,"name":"Virtual campus"}]},{"@type":"WebSite","@id":"https:\/\/ifarming.ai\/#website","url":"https:\/\/ifarming.ai\/","name":"IFarming","description":"Providing a Complete Suite of Solutions","potentialAction":[{"@type":"SearchAction","target":{"@type":"EntryPoint","urlTemplate":"https:\/\/ifarming.ai\/?s={search_term_string}"},"query-input":{"@type":"PropertyValueSpecification","valueRequired":true,"valueName":"search_term_string"}}],"inLanguage":"es"}]}},"_links":{"self":[{"href":"https:\/\/ifarming.ai\/es\/wp-json\/wp\/v2\/pages\/221","targetHints":{"allow":["GET"]}}],"collection":[{"href":"https:\/\/ifarming.ai\/es\/wp-json\/wp\/v2\/pages"}],"about":[{"href":"https:\/\/ifarming.ai\/es\/wp-json\/wp\/v2\/types\/page"}],"author":[{"embeddable":true,"href":"https:\/\/ifarming.ai\/es\/wp-json\/wp\/v2\/users\/1"}],"replies":[{"embeddable":true,"href":"https:\/\/ifarming.ai\/es\/wp-json\/wp\/v2\/comments?post=221"}],"version-history":[{"count":4,"href":"https:\/\/ifarming.ai\/es\/wp-json\/wp\/v2\/pages\/221\/revisions"}],"predecessor-version":[{"id":3386,"href":"https:\/\/ifarming.ai\/es\/wp-json\/wp\/v2\/pages\/221\/revisions\/3386"}],"wp:attachment":[{"href":"https:\/\/ifarming.ai\/es\/wp-json\/wp\/v2\/media?parent=221"}],"curies":[{"name":"wp","href":"https:\/\/api.w.org\/{rel}","templated":true}]}}